{"id":99,"date":"2020-05-24T16:31:11","date_gmt":"2020-05-24T14:31:11","guid":{"rendered":"http:\/\/apartmanyjama.sk\/?page_id=99"},"modified":"2022-07-21T11:32:48","modified_gmt":"2022-07-21T09:32:48","slug":"wellness","status":"publish","type":"page","link":"https:\/\/apartmanyjama.sk\/?page_id=99","title":{"rendered":"Wellness"},"content":{"rendered":"\t\t<div data-elementor-type=\"wp-page\" data-elementor-id=\"99\" class=\"elementor elementor-99\">\n\t\t\t\t\t\t<div class=\"elementor-inner\">\n\t\t\t\t<div class=\"elementor-section-wrap\">\n\t\t\t\t\t\t\t\t\t<section class=\"elementor-section elementor-top-section elementor-element elementor-element-8793042 elementor-section-boxed elementor-section-height-default elementor-section-height-default\" data-id=\"8793042\" data-element_type=\"section\">\n\t\t\t\t\t\t<div class=\"elementor-container elementor-column-gap-default\">\n\t\t\t\t\t\t\t<div class=\"elementor-row\">\n\t\t\t\t\t<div class=\"elementor-column elementor-col-100 elementor-top-column elementor-element elementor-element-442ca6f\" data-id=\"442ca6f\" data-element_type=\"column\">\n\t\t\t<div class=\"elementor-column-wrap elementor-element-populated\">\n\t\t\t\t\t\t\t<div class=\"elementor-widget-wrap\">\n\t\t\t\t\t\t<div class=\"elementor-element elementor-element-09ed759 elementor-widget elementor-widget-heading\" data-id=\"09ed759\" data-element_type=\"widget\" data-widget_type=\"heading.default\">\n\t\t\t\t<div class=\"elementor-widget-container\">\n\t\t\t<h2 class=\"elementor-heading-title elementor-size-default\">Wellness<\/h2>\t\t<\/div>\n\t\t\t\t<\/div>\n\t\t\t\t\t\t<\/div>\n\t\t\t\t\t<\/div>\n\t\t<\/div>\n\t\t\t\t\t\t\t\t<\/div>\n\t\t\t\t\t<\/div>\n\t\t<\/section>\n\t\t\t\t<section class=\"elementor-section elementor-top-section elementor-element elementor-element-9854af1 elementor-section-boxed elementor-section-height-default elementor-section-height-default\" data-id=\"9854af1\" data-element_type=\"section\">\n\t\t\t\t\t\t<div class=\"elementor-container elementor-column-gap-default\">\n\t\t\t\t\t\t\t<div class=\"elementor-row\">\n\t\t\t\t\t<div class=\"elementor-column elementor-col-100 elementor-top-column elementor-element elementor-element-fa676a6\" data-id=\"fa676a6\" data-element_type=\"column\">\n\t\t\t<div class=\"elementor-column-wrap elementor-element-populated\">\n\t\t\t\t\t\t\t<div class=\"elementor-widget-wrap\">\n\t\t\t\t\t\t<div class=\"elementor-element elementor-element-e786c8a elementor-widget elementor-widget-image\" data-id=\"e786c8a\" data-element_type=\"widget\" data-widget_type=\"image.default\">\n\t\t\t\t<div class=\"elementor-widget-container\">\n\t\t\t\t\t\t\t\t<div class=\"elementor-image\">\n\t\t\t\t\t\t\t\t\t\t\t\t<img width=\"1024\" height=\"512\" src=\"https:\/\/apartmanyjama.sk\/wp-content\/uploads\/2022\/07\/IMG_20180101_021309_00_merged-1024x512.jpg\" class=\"attachment-large size-large wp-image-1761\" alt=\"\" loading=\"lazy\" srcset=\"https:\/\/apartmanyjama.sk\/wp-content\/uploads\/2022\/07\/IMG_20180101_021309_00_merged-1024x512.jpg 1024w, https:\/\/apartmanyjama.sk\/wp-content\/uploads\/2022\/07\/IMG_20180101_021309_00_merged-300x150.jpg 300w, https:\/\/apartmanyjama.sk\/wp-content\/uploads\/2022\/07\/IMG_20180101_021309_00_merged-768x384.jpg 768w, https:\/\/apartmanyjama.sk\/wp-content\/uploads\/2022\/07\/IMG_20180101_021309_00_merged-1536x768.jpg 1536w, https:\/\/apartmanyjama.sk\/wp-content\/uploads\/2022\/07\/IMG_20180101_021309_00_merged-2048x1024.jpg 2048w\" sizes=\"(max-width: 1024px) 100vw, 1024px\" \/>\t\t\t\t\t\t\t\t\t\t\t\t\t\t<\/div>\n\t\t\t\t\t\t<\/div>\n\t\t\t\t<\/div>\n\t\t\t\t\t\t<\/div>\n\t\t\t\t\t<\/div>\n\t\t<\/div>\n\t\t\t\t\t\t\t\t<\/div>\n\t\t\t\t\t<\/div>\n\t\t<\/section>\n\t\t\t\t<section class=\"elementor-section elementor-top-section elementor-element elementor-element-29e1c40 elementor-section-boxed elementor-section-height-default elementor-section-height-default\" data-id=\"29e1c40\" data-element_type=\"section\">\n\t\t\t\t\t\t<div class=\"elementor-container elementor-column-gap-default\">\n\t\t\t\t\t\t\t<div class=\"elementor-row\">\n\t\t\t\t\t<div class=\"elementor-column elementor-col-100 elementor-top-column elementor-element elementor-element-d9cf493\" data-id=\"d9cf493\" data-element_type=\"column\">\n\t\t\t<div class=\"elementor-column-wrap elementor-element-populated\">\n\t\t\t\t\t\t\t<div class=\"elementor-widget-wrap\">\n\t\t\t\t\t\t<div class=\"elementor-element elementor-element-79493b1 elementor-widget elementor-widget-image\" data-id=\"79493b1\" data-element_type=\"widget\" data-widget_type=\"image.default\">\n\t\t\t\t<div class=\"elementor-widget-container\">\n\t\t\t\t\t\t\t\t<div class=\"elementor-image\">\n\t\t\t\t\t\t\t\t\t\t\t\t<img width=\"1024\" height=\"683\" src=\"https:\/\/apartmanyjama.sk\/wp-content\/uploads\/2020\/08\/ML_034-1024x683.jpg\" class=\"attachment-large size-large wp-image-1429\" alt=\"\" loading=\"lazy\" srcset=\"https:\/\/apartmanyjama.sk\/wp-content\/uploads\/2020\/08\/ML_034-1024x683.jpg 1024w, https:\/\/apartmanyjama.sk\/wp-content\/uploads\/2020\/08\/ML_034-300x200.jpg 300w, https:\/\/apartmanyjama.sk\/wp-content\/uploads\/2020\/08\/ML_034-768x513.jpg 768w, https:\/\/apartmanyjama.sk\/wp-content\/uploads\/2020\/08\/ML_034-1536x1025.jpg 1536w, https:\/\/apartmanyjama.sk\/wp-content\/uploads\/2020\/08\/ML_034-2048x1367.jpg 2048w\" sizes=\"(max-width: 1024px) 100vw, 1024px\" \/>\t\t\t\t\t\t\t\t\t\t\t\t\t\t<\/div>\n\t\t\t\t\t\t<\/div>\n\t\t\t\t<\/div>\n\t\t\t\t\t\t<\/div>\n\t\t\t\t\t<\/div>\n\t\t<\/div>\n\t\t\t\t\t\t\t\t<\/div>\n\t\t\t\t\t<\/div>\n\t\t<\/section>\n\t\t\t\t<section class=\"elementor-section elementor-top-section elementor-element elementor-element-8285676 elementor-section-boxed elementor-section-height-default elementor-section-height-default\" data-id=\"8285676\" data-element_type=\"section\">\n\t\t\t\t\t\t<div class=\"elementor-container elementor-column-gap-default\">\n\t\t\t\t\t\t\t<div class=\"elementor-row\">\n\t\t\t\t\t<div class=\"elementor-column elementor-col-100 elementor-top-column elementor-element elementor-element-1ccec83\" data-id=\"1ccec83\" data-element_type=\"column\">\n\t\t\t<div class=\"elementor-column-wrap elementor-element-populated\">\n\t\t\t\t\t\t\t<div class=\"elementor-widget-wrap\">\n\t\t\t\t\t\t<div class=\"elementor-element elementor-element-b546485 elementor-widget elementor-widget-image\" data-id=\"b546485\" data-element_type=\"widget\" data-widget_type=\"image.default\">\n\t\t\t\t<div class=\"elementor-widget-container\">\n\t\t\t\t\t\t\t\t<div class=\"elementor-image\">\n\t\t\t\t\t\t\t\t\t\t\t\t<img width=\"1024\" height=\"683\" src=\"https:\/\/apartmanyjama.sk\/wp-content\/uploads\/2020\/08\/ML_036-1024x683.jpg\" class=\"attachment-large size-large wp-image-1430\" alt=\"\" loading=\"lazy\" srcset=\"https:\/\/apartmanyjama.sk\/wp-content\/uploads\/2020\/08\/ML_036-1024x683.jpg 1024w, https:\/\/apartmanyjama.sk\/wp-content\/uploads\/2020\/08\/ML_036-300x200.jpg 300w, https:\/\/apartmanyjama.sk\/wp-content\/uploads\/2020\/08\/ML_036-768x513.jpg 768w, https:\/\/apartmanyjama.sk\/wp-content\/uploads\/2020\/08\/ML_036-1536x1025.jpg 1536w, https:\/\/apartmanyjama.sk\/wp-content\/uploads\/2020\/08\/ML_036-2048x1367.jpg 2048w\" sizes=\"(max-width: 1024px) 100vw, 1024px\" \/>\t\t\t\t\t\t\t\t\t\t\t\t\t\t<\/div>\n\t\t\t\t\t\t<\/div>\n\t\t\t\t<\/div>\n\t\t\t\t\t\t<\/div>\n\t\t\t\t\t<\/div>\n\t\t<\/div>\n\t\t\t\t\t\t\t\t<\/div>\n\t\t\t\t\t<\/div>\n\t\t<\/section>\n\t\t\t\t<section class=\"elementor-section elementor-top-section elementor-element elementor-element-a91d0c6 elementor-section-boxed elementor-section-height-default elementor-section-height-default\" data-id=\"a91d0c6\" data-element_type=\"section\">\n\t\t\t\t\t\t<div class=\"elementor-container elementor-column-gap-default\">\n\t\t\t\t\t\t\t<div class=\"elementor-row\">\n\t\t\t\t\t<div class=\"elementor-column elementor-col-100 elementor-top-column elementor-element elementor-element-a734dcb\" data-id=\"a734dcb\" data-element_type=\"column\">\n\t\t\t<div class=\"elementor-column-wrap elementor-element-populated\">\n\t\t\t\t\t\t\t<div class=\"elementor-widget-wrap\">\n\t\t\t\t\t\t<div class=\"elementor-element elementor-element-741924f elementor-widget elementor-widget-image\" data-id=\"741924f\" data-element_type=\"widget\" data-widget_type=\"image.default\">\n\t\t\t\t<div class=\"elementor-widget-container\">\n\t\t\t\t\t\t\t\t<div class=\"elementor-image\">\n\t\t\t\t\t\t\t\t\t\t\t\t<img width=\"1024\" height=\"683\" src=\"https:\/\/apartmanyjama.sk\/wp-content\/uploads\/2020\/08\/ML_038-1024x683.jpg\" class=\"attachment-large size-large wp-image-1431\" alt=\"\" loading=\"lazy\" srcset=\"https:\/\/apartmanyjama.sk\/wp-content\/uploads\/2020\/08\/ML_038-1024x683.jpg 1024w, https:\/\/apartmanyjama.sk\/wp-content\/uploads\/2020\/08\/ML_038-300x200.jpg 300w, https:\/\/apartmanyjama.sk\/wp-content\/uploads\/2020\/08\/ML_038-768x513.jpg 768w, https:\/\/apartmanyjama.sk\/wp-content\/uploads\/2020\/08\/ML_038-1536x1025.jpg 1536w, https:\/\/apartmanyjama.sk\/wp-content\/uploads\/2020\/08\/ML_038-2048x1367.jpg 2048w\" sizes=\"(max-width: 1024px) 100vw, 1024px\" \/>\t\t\t\t\t\t\t\t\t\t\t\t\t\t<\/div>\n\t\t\t\t\t\t<\/div>\n\t\t\t\t<\/div>\n\t\t\t\t\t\t<\/div>\n\t\t\t\t\t<\/div>\n\t\t<\/div>\n\t\t\t\t\t\t\t\t<\/div>\n\t\t\t\t\t<\/div>\n\t\t<\/section>\n\t\t\t\t<section class=\"elementor-section elementor-top-section elementor-element elementor-element-d152ac6 elementor-section-boxed elementor-section-height-default elementor-section-height-default\" data-id=\"d152ac6\" data-element_type=\"section\">\n\t\t\t\t\t\t<div class=\"elementor-container elementor-column-gap-default\">\n\t\t\t\t\t\t\t<div class=\"elementor-row\">\n\t\t\t\t\t<div class=\"elementor-column elementor-col-100 elementor-top-column elementor-element elementor-element-334bd8e\" data-id=\"334bd8e\" data-element_type=\"column\">\n\t\t\t<div class=\"elementor-column-wrap elementor-element-populated\">\n\t\t\t\t\t\t\t<div class=\"elementor-widget-wrap\">\n\t\t\t\t\t\t<div class=\"elementor-element elementor-element-29b1389 elementor-widget elementor-widget-image\" data-id=\"29b1389\" data-element_type=\"widget\" data-widget_type=\"image.default\">\n\t\t\t\t<div class=\"elementor-widget-container\">\n\t\t\t\t\t\t\t\t<div class=\"elementor-image\">\n\t\t\t\t\t\t\t\t\t\t\t\t<img width=\"1024\" height=\"683\" src=\"https:\/\/apartmanyjama.sk\/wp-content\/uploads\/2020\/08\/ML_040-1024x683.jpg\" class=\"attachment-large size-large wp-image-1432\" alt=\"\" loading=\"lazy\" srcset=\"https:\/\/apartmanyjama.sk\/wp-content\/uploads\/2020\/08\/ML_040-1024x683.jpg 1024w, https:\/\/apartmanyjama.sk\/wp-content\/uploads\/2020\/08\/ML_040-300x200.jpg 300w, https:\/\/apartmanyjama.sk\/wp-content\/uploads\/2020\/08\/ML_040-768x513.jpg 768w, https:\/\/apartmanyjama.sk\/wp-content\/uploads\/2020\/08\/ML_040-1536x1025.jpg 1536w, https:\/\/apartmanyjama.sk\/wp-content\/uploads\/2020\/08\/ML_040-2048x1367.jpg 2048w\" sizes=\"(max-width: 1024px) 100vw, 1024px\" \/>\t\t\t\t\t\t\t\t\t\t\t\t\t\t<\/div>\n\t\t\t\t\t\t<\/div>\n\t\t\t\t<\/div>\n\t\t\t\t\t\t<\/div>\n\t\t\t\t\t<\/div>\n\t\t<\/div>\n\t\t\t\t\t\t\t\t<\/div>\n\t\t\t\t\t<\/div>\n\t\t<\/section>\n\t\t\t\t<section class=\"elementor-section elementor-top-section elementor-element elementor-element-1747888 elementor-section-boxed elementor-section-height-default elementor-section-height-default\" data-id=\"1747888\" data-element_type=\"section\">\n\t\t\t\t\t\t<div class=\"elementor-container elementor-column-gap-default\">\n\t\t\t\t\t\t\t<div class=\"elementor-row\">\n\t\t\t\t\t<div class=\"elementor-column elementor-col-50 elementor-top-column elementor-element elementor-element-5f928bc\" data-id=\"5f928bc\" data-element_type=\"column\">\n\t\t\t<div class=\"elementor-column-wrap elementor-element-populated\">\n\t\t\t\t\t\t\t<div class=\"elementor-widget-wrap\">\n\t\t\t\t\t\t<div class=\"elementor-element elementor-element-534488d elementor-widget elementor-widget-image\" data-id=\"534488d\" data-element_type=\"widget\" data-widget_type=\"image.default\">\n\t\t\t\t<div class=\"elementor-widget-container\">\n\t\t\t\t\t\t\t\t<div class=\"elementor-image\">\n\t\t\t\t\t\t\t\t\t\t\t\t<img width=\"640\" height=\"480\" src=\"https:\/\/apartmanyjama.sk\/wp-content\/uploads\/2021\/11\/image1.jpeg\" class=\"attachment-large size-large wp-image-1605\" alt=\"\" loading=\"lazy\" srcset=\"https:\/\/apartmanyjama.sk\/wp-content\/uploads\/2021\/11\/image1.jpeg 640w, https:\/\/apartmanyjama.sk\/wp-content\/uploads\/2021\/11\/image1-300x225.jpeg 300w\" sizes=\"(max-width: 640px) 100vw, 640px\" \/>\t\t\t\t\t\t\t\t\t\t\t\t\t\t<\/div>\n\t\t\t\t\t\t<\/div>\n\t\t\t\t<\/div>\n\t\t\t\t\t\t<\/div>\n\t\t\t\t\t<\/div>\n\t\t<\/div>\n\t\t\t\t<div class=\"elementor-column elementor-col-50 elementor-top-column elementor-element elementor-element-6435d85\" data-id=\"6435d85\" data-element_type=\"column\">\n\t\t\t<div class=\"elementor-column-wrap elementor-element-populated\">\n\t\t\t\t\t\t\t<div class=\"elementor-widget-wrap\">\n\t\t\t\t\t\t<div class=\"elementor-element elementor-element-ced1a47 elementor-widget elementor-widget-image\" data-id=\"ced1a47\" data-element_type=\"widget\" data-widget_type=\"image.default\">\n\t\t\t\t<div class=\"elementor-widget-container\">\n\t\t\t\t\t\t\t\t<div class=\"elementor-image\">\n\t\t\t\t\t\t\t\t\t\t\t\t<img width=\"640\" height=\"480\" src=\"https:\/\/apartmanyjama.sk\/wp-content\/uploads\/2021\/11\/image0.jpeg\" class=\"attachment-large size-large wp-image-1604\" alt=\"\" loading=\"lazy\" srcset=\"https:\/\/apartmanyjama.sk\/wp-content\/uploads\/2021\/11\/image0.jpeg 640w, https:\/\/apartmanyjama.sk\/wp-content\/uploads\/2021\/11\/image0-300x225.jpeg 300w\" sizes=\"(max-width: 640px) 100vw, 640px\" \/>\t\t\t\t\t\t\t\t\t\t\t\t\t\t<\/div>\n\t\t\t\t\t\t<\/div>\n\t\t\t\t<\/div>\n\t\t\t\t\t\t<\/div>\n\t\t\t\t\t<\/div>\n\t\t<\/div>\n\t\t\t\t\t\t\t\t<\/div>\n\t\t\t\t\t<\/div>\n\t\t<\/section>\n\t\t\t\t\t\t\t\t\t<\/div>\n\t\t\t<\/div>\n\t\t\t\t\t<\/div>\n\t\t","protected":false},"excerpt":{"rendered":"<p>Wellness<\/p>\n","protected":false},"author":2,"featured_media":0,"parent":0,"menu_order":0,"comment_status":"closed","ping_status":"closed","template":"elementor_header_footer","meta":{"_monsterinsights_skip_tracking":false,"_monsterinsights_sitenote_active":false,"_monsterinsights_sitenote_note":"","_monsterinsights_sitenote_category":0},"yoast_head":"<!-- This site is optimized with the Yoast SEO plugin v18.4.1 - https:\/\/yoast.com\/wordpress\/plugins\/seo\/ -->\n<title>Wellness -<\/title>\n<meta name=\"robots\" content=\"index, follow, max-snippet:-1, max-image-preview:large, max-video-preview:-1\" \/>\n<link rel=\"canonical\" href=\"http:\/\/apartmanyjama.sk\/?page_id=99\" \/>\n<meta property=\"og:locale\" content=\"sk_SK\" \/>\n<meta property=\"og:type\" content=\"article\" \/>\n<meta property=\"og:title\" content=\"Wellness -\" \/>\n<meta property=\"og:description\" content=\"Wellness\" \/>\n<meta property=\"og:url\" content=\"http:\/\/apartmanyjama.sk\/?page_id=99\" \/>\n<meta property=\"article:modified_time\" content=\"2022-07-21T09:32:48+00:00\" \/>\n<meta property=\"og:image\" content=\"http:\/\/apartmanyjama.sk\/wp-content\/uploads\/2022\/07\/IMG_20180101_021309_00_merged-1024x512.jpg\" \/>\n<meta name=\"twitter:card\" content=\"summary_large_image\" \/>\n<meta name=\"twitter:label1\" content=\"Predpokladan\u00fd \u010das \u010d\u00edtania\" \/>\n\t<meta name=\"twitter:data1\" content=\"2 min\u00faty\" \/>\n<script type=\"application\/ld+json\" class=\"yoast-schema-graph\">{\"@context\":\"https:\/\/schema.org\",\"@graph\":[{\"@type\":\"WebSite\",\"@id\":\"https:\/\/apartmanyjama.sk\/#website\",\"url\":\"https:\/\/apartmanyjama.sk\/\",\"name\":\"\",\"description\":\"\",\"potentialAction\":[{\"@type\":\"SearchAction\",\"target\":{\"@type\":\"EntryPoint\",\"urlTemplate\":\"https:\/\/apartmanyjama.sk\/?s={search_term_string}\"},\"query-input\":\"required name=search_term_string\"}],\"inLanguage\":\"sk-SK\"},{\"@type\":\"ImageObject\",\"@id\":\"http:\/\/apartmanyjama.sk\/?page_id=99#primaryimage\",\"inLanguage\":\"sk-SK\",\"url\":\"https:\/\/apartmanyjama.sk\/wp-content\/uploads\/2022\/07\/IMG_20180101_021309_00_merged-scaled.jpg\",\"contentUrl\":\"https:\/\/apartmanyjama.sk\/wp-content\/uploads\/2022\/07\/IMG_20180101_021309_00_merged-scaled.jpg\",\"width\":2560,\"height\":1280,\"caption\":\"IMG_20180101_021309_00_513.insp\"},{\"@type\":\"WebPage\",\"@id\":\"http:\/\/apartmanyjama.sk\/?page_id=99#webpage\",\"url\":\"http:\/\/apartmanyjama.sk\/?page_id=99\",\"name\":\"Wellness -\",\"isPartOf\":{\"@id\":\"https:\/\/apartmanyjama.sk\/#website\"},\"primaryImageOfPage\":{\"@id\":\"http:\/\/apartmanyjama.sk\/?page_id=99#primaryimage\"},\"datePublished\":\"2020-05-24T14:31:11+00:00\",\"dateModified\":\"2022-07-21T09:32:48+00:00\",\"breadcrumb\":{\"@id\":\"http:\/\/apartmanyjama.sk\/?page_id=99#breadcrumb\"},\"inLanguage\":\"sk-SK\",\"potentialAction\":[{\"@type\":\"ReadAction\",\"target\":[\"http:\/\/apartmanyjama.sk\/?page_id=99\"]}]},{\"@type\":\"BreadcrumbList\",\"@id\":\"http:\/\/apartmanyjama.sk\/?page_id=99#breadcrumb\",\"itemListElement\":[{\"@type\":\"ListItem\",\"position\":1,\"name\":\"Home\",\"item\":\"http:\/\/apartmanyjama.sk\/\"},{\"@type\":\"ListItem\",\"position\":2,\"name\":\"Wellness\"}]}]}<\/script>\n<!-- \/ Yoast SEO plugin. -->","yoast_head_json":{"title":"Wellness -","robots":{"index":"index","follow":"follow","max-snippet":"max-snippet:-1","max-image-preview":"max-image-preview:large","max-video-preview":"max-video-preview:-1"},"canonical":"http:\/\/apartmanyjama.sk\/?page_id=99","og_locale":"sk_SK","og_type":"article","og_title":"Wellness -","og_description":"Wellness","og_url":"http:\/\/apartmanyjama.sk\/?page_id=99","article_modified_time":"2022-07-21T09:32:48+00:00","og_image":[{"url":"http:\/\/apartmanyjama.sk\/wp-content\/uploads\/2022\/07\/IMG_20180101_021309_00_merged-1024x512.jpg"}],"twitter_card":"summary_large_image","twitter_misc":{"Predpokladan\u00fd \u010das \u010d\u00edtania":"2 min\u00faty"},"schema":{"@context":"https:\/\/schema.org","@graph":[{"@type":"WebSite","@id":"https:\/\/apartmanyjama.sk\/#website","url":"https:\/\/apartmanyjama.sk\/","name":"","description":"","potentialAction":[{"@type":"SearchAction","target":{"@type":"EntryPoint","urlTemplate":"https:\/\/apartmanyjama.sk\/?s={search_term_string}"},"query-input":"required name=search_term_string"}],"inLanguage":"sk-SK"},{"@type":"ImageObject","@id":"http:\/\/apartmanyjama.sk\/?page_id=99#primaryimage","inLanguage":"sk-SK","url":"https:\/\/apartmanyjama.sk\/wp-content\/uploads\/2022\/07\/IMG_20180101_021309_00_merged-scaled.jpg","contentUrl":"https:\/\/apartmanyjama.sk\/wp-content\/uploads\/2022\/07\/IMG_20180101_021309_00_merged-scaled.jpg","width":2560,"height":1280,"caption":"IMG_20180101_021309_00_513.insp"},{"@type":"WebPage","@id":"http:\/\/apartmanyjama.sk\/?page_id=99#webpage","url":"http:\/\/apartmanyjama.sk\/?page_id=99","name":"Wellness -","isPartOf":{"@id":"https:\/\/apartmanyjama.sk\/#website"},"primaryImageOfPage":{"@id":"http:\/\/apartmanyjama.sk\/?page_id=99#primaryimage"},"datePublished":"2020-05-24T14:31:11+00:00","dateModified":"2022-07-21T09:32:48+00:00","breadcrumb":{"@id":"http:\/\/apartmanyjama.sk\/?page_id=99#breadcrumb"},"inLanguage":"sk-SK","potentialAction":[{"@type":"ReadAction","target":["http:\/\/apartmanyjama.sk\/?page_id=99"]}]},{"@type":"BreadcrumbList","@id":"http:\/\/apartmanyjama.sk\/?page_id=99#breadcrumb","itemListElement":[{"@type":"ListItem","position":1,"name":"Home","item":"http:\/\/apartmanyjama.sk\/"},{"@type":"ListItem","position":2,"name":"Wellness"}]}]}},"_links":{"self":[{"href":"https:\/\/apartmanyjama.sk\/index.php?rest_route=\/wp\/v2\/pages\/99"}],"collection":[{"href":"https:\/\/apartmanyjama.sk\/index.php?rest_route=\/wp\/v2\/pages"}],"about":[{"href":"https:\/\/apartmanyjama.sk\/index.php?rest_route=\/wp\/v2\/types\/page"}],"author":[{"embeddable":true,"href":"https:\/\/apartmanyjama.sk\/index.php?rest_route=\/wp\/v2\/users\/2"}],"replies":[{"embeddable":true,"href":"https:\/\/apartmanyjama.sk\/index.php?rest_route=%2Fwp%2Fv2%2Fcomments&post=99"}],"version-history":[{"count":6,"href":"https:\/\/apartmanyjama.sk\/index.php?rest_route=\/wp\/v2\/pages\/99\/revisions"}],"predecessor-version":[{"id":1776,"href":"https:\/\/apartmanyjama.sk\/index.php?rest_route=\/wp\/v2\/pages\/99\/revisions\/1776"}],"wp:attachment":[{"href":"https:\/\/apartmanyjama.sk\/index.php?rest_route=%2Fwp%2Fv2%2Fmedia&parent=99"}],"curies":[{"name":"wp","href":"https:\/\/api.w.org\/{rel}","templated":true}]}}