{"id":822,"date":"2020-06-19T08:46:49","date_gmt":"2020-06-19T06:46:49","guid":{"rendered":"http:\/\/apartmanyjama.sk\/?page_id=822"},"modified":"2020-10-08T19:19:26","modified_gmt":"2020-10-08T17:19:26","slug":"spolocenska-miestnost","status":"publish","type":"page","link":"https:\/\/apartmanyjama.sk\/?page_id=822","title":{"rendered":"Spolo\u010densk\u00e1 miestnos\u0165"},"content":{"rendered":"\t\t<div data-elementor-type=\"wp-page\" data-elementor-id=\"822\" class=\"elementor elementor-822\">\n\t\t\t\t\t\t<div class=\"elementor-inner\">\n\t\t\t\t<div class=\"elementor-section-wrap\">\n\t\t\t\t\t\t\t\t\t<section class=\"elementor-section elementor-top-section elementor-element elementor-element-e226fed elementor-section-boxed elementor-section-height-default elementor-section-height-default\" data-id=\"e226fed\" data-element_type=\"section\">\n\t\t\t\t\t\t<div class=\"elementor-container elementor-column-gap-default\">\n\t\t\t\t\t\t\t<div class=\"elementor-row\">\n\t\t\t\t\t<div class=\"elementor-column elementor-col-50 elementor-top-column elementor-element elementor-element-0eba68c\" data-id=\"0eba68c\" data-element_type=\"column\">\n\t\t\t<div class=\"elementor-column-wrap elementor-element-populated\">\n\t\t\t\t\t\t\t<div class=\"elementor-widget-wrap\">\n\t\t\t\t\t\t<div class=\"elementor-element elementor-element-81d13e1 elementor-widget elementor-widget-image\" data-id=\"81d13e1\" data-element_type=\"widget\" data-widget_type=\"image.default\">\n\t\t\t\t<div class=\"elementor-widget-container\">\n\t\t\t\t\t\t\t\t<div class=\"elementor-image\">\n\t\t\t\t\t\t\t\t\t\t\t\t<img width=\"640\" height=\"480\" src=\"https:\/\/apartmanyjama.sk\/wp-content\/uploads\/2020\/10\/IMG_3279.jpg\" class=\"attachment-large size-large wp-image-1552\" alt=\"\" loading=\"lazy\" srcset=\"https:\/\/apartmanyjama.sk\/wp-content\/uploads\/2020\/10\/IMG_3279.jpg 640w, https:\/\/apartmanyjama.sk\/wp-content\/uploads\/2020\/10\/IMG_3279-300x225.jpg 300w\" sizes=\"(max-width: 640px) 100vw, 640px\" \/>\t\t\t\t\t\t\t\t\t\t\t\t\t\t<\/div>\n\t\t\t\t\t\t<\/div>\n\t\t\t\t<\/div>\n\t\t\t\t\t\t<\/div>\n\t\t\t\t\t<\/div>\n\t\t<\/div>\n\t\t\t\t<div class=\"elementor-column elementor-col-50 elementor-top-column elementor-element elementor-element-8d2d4d6\" data-id=\"8d2d4d6\" data-element_type=\"column\">\n\t\t\t<div class=\"elementor-column-wrap elementor-element-populated\">\n\t\t\t\t\t\t\t<div class=\"elementor-widget-wrap\">\n\t\t\t\t\t\t<div class=\"elementor-element elementor-element-9a5d854 elementor-widget elementor-widget-image\" data-id=\"9a5d854\" data-element_type=\"widget\" data-widget_type=\"image.default\">\n\t\t\t\t<div class=\"elementor-widget-container\">\n\t\t\t\t\t\t\t\t<div class=\"elementor-image\">\n\t\t\t\t\t\t\t\t\t\t\t\t<img width=\"640\" height=\"480\" src=\"https:\/\/apartmanyjama.sk\/wp-content\/uploads\/2020\/10\/IMG_3278.jpg\" class=\"attachment-large size-large wp-image-1551\" alt=\"\" loading=\"lazy\" srcset=\"https:\/\/apartmanyjama.sk\/wp-content\/uploads\/2020\/10\/IMG_3278.jpg 640w, https:\/\/apartmanyjama.sk\/wp-content\/uploads\/2020\/10\/IMG_3278-300x225.jpg 300w\" sizes=\"(max-width: 640px) 100vw, 640px\" \/>\t\t\t\t\t\t\t\t\t\t\t\t\t\t<\/div>\n\t\t\t\t\t\t<\/div>\n\t\t\t\t<\/div>\n\t\t\t\t\t\t<\/div>\n\t\t\t\t\t<\/div>\n\t\t<\/div>\n\t\t\t\t\t\t\t\t<\/div>\n\t\t\t\t\t<\/div>\n\t\t<\/section>\n\t\t\t\t<section class=\"elementor-section elementor-top-section elementor-element elementor-element-538a0df elementor-section-boxed elementor-section-height-default elementor-section-height-default\" data-id=\"538a0df\" data-element_type=\"section\">\n\t\t\t\t\t\t<div class=\"elementor-container elementor-column-gap-default\">\n\t\t\t\t\t\t\t<div class=\"elementor-row\">\n\t\t\t\t\t<div class=\"elementor-column elementor-col-100 elementor-top-column elementor-element elementor-element-4543a34\" data-id=\"4543a34\" data-element_type=\"column\">\n\t\t\t<div class=\"elementor-column-wrap elementor-element-populated\">\n\t\t\t\t\t\t\t<div class=\"elementor-widget-wrap\">\n\t\t\t\t\t\t<div class=\"elementor-element elementor-element-d14d1d8 elementor-widget elementor-widget-image\" data-id=\"d14d1d8\" data-element_type=\"widget\" data-widget_type=\"image.default\">\n\t\t\t\t<div class=\"elementor-widget-container\">\n\t\t\t\t\t\t\t\t<div class=\"elementor-image\">\n\t\t\t\t\t\t\t\t\t\t\t\t<img width=\"1024\" height=\"683\" src=\"https:\/\/apartmanyjama.sk\/wp-content\/uploads\/2020\/08\/ML_043-1024x683.jpg\" class=\"attachment-large size-large wp-image-1424\" alt=\"\" loading=\"lazy\" srcset=\"https:\/\/apartmanyjama.sk\/wp-content\/uploads\/2020\/08\/ML_043-1024x683.jpg 1024w, https:\/\/apartmanyjama.sk\/wp-content\/uploads\/2020\/08\/ML_043-300x200.jpg 300w, https:\/\/apartmanyjama.sk\/wp-content\/uploads\/2020\/08\/ML_043-768x513.jpg 768w, https:\/\/apartmanyjama.sk\/wp-content\/uploads\/2020\/08\/ML_043-1536x1025.jpg 1536w, https:\/\/apartmanyjama.sk\/wp-content\/uploads\/2020\/08\/ML_043-2048x1367.jpg 2048w\" sizes=\"(max-width: 1024px) 100vw, 1024px\" \/>\t\t\t\t\t\t\t\t\t\t\t\t\t\t<\/div>\n\t\t\t\t\t\t<\/div>\n\t\t\t\t<\/div>\n\t\t\t\t\t\t<\/div>\n\t\t\t\t\t<\/div>\n\t\t<\/div>\n\t\t\t\t\t\t\t\t<\/div>\n\t\t\t\t\t<\/div>\n\t\t<\/section>\n\t\t\t\t\t\t\t\t\t<\/div>\n\t\t\t<\/div>\n\t\t\t\t\t<\/div>\n\t\t","protected":false},"excerpt":{"rendered":"","protected":false},"author":2,"featured_media":0,"parent":0,"menu_order":0,"comment_status":"closed","ping_status":"closed","template":"elementor_header_footer","meta":{"_monsterinsights_skip_tracking":false,"_monsterinsights_sitenote_active":false,"_monsterinsights_sitenote_note":"","_monsterinsights_sitenote_category":0},"yoast_head":"<!-- This site is optimized with the Yoast SEO plugin v18.4.1 - https:\/\/yoast.com\/wordpress\/plugins\/seo\/ -->\n<title>Spolo\u010densk\u00e1 miestnos\u0165 -<\/title>\n<meta name=\"robots\" content=\"index, follow, max-snippet:-1, max-image-preview:large, max-video-preview:-1\" \/>\n<link rel=\"canonical\" href=\"https:\/\/apartmanyjama.sk\/?page_id=822\" \/>\n<meta property=\"og:locale\" content=\"sk_SK\" \/>\n<meta property=\"og:type\" content=\"article\" \/>\n<meta property=\"og:title\" content=\"Spolo\u010densk\u00e1 miestnos\u0165 -\" \/>\n<meta property=\"og:url\" content=\"https:\/\/apartmanyjama.sk\/?page_id=822\" \/>\n<meta property=\"article:modified_time\" content=\"2020-10-08T17:19:26+00:00\" \/>\n<meta property=\"og:image\" content=\"http:\/\/apartmanyjama.sk\/wp-content\/uploads\/2020\/10\/IMG_3279.jpg\" \/>\n<meta name=\"twitter:card\" content=\"summary_large_image\" \/>\n<script type=\"application\/ld+json\" class=\"yoast-schema-graph\">{\"@context\":\"https:\/\/schema.org\",\"@graph\":[{\"@type\":\"WebSite\",\"@id\":\"https:\/\/apartmanyjama.sk\/#website\",\"url\":\"https:\/\/apartmanyjama.sk\/\",\"name\":\"\",\"description\":\"\",\"potentialAction\":[{\"@type\":\"SearchAction\",\"target\":{\"@type\":\"EntryPoint\",\"urlTemplate\":\"https:\/\/apartmanyjama.sk\/?s={search_term_string}\"},\"query-input\":\"required name=search_term_string\"}],\"inLanguage\":\"sk-SK\"},{\"@type\":\"ImageObject\",\"@id\":\"https:\/\/apartmanyjama.sk\/?page_id=822#primaryimage\",\"inLanguage\":\"sk-SK\",\"url\":\"https:\/\/apartmanyjama.sk\/wp-content\/uploads\/2020\/10\/IMG_3279.jpg\",\"contentUrl\":\"https:\/\/apartmanyjama.sk\/wp-content\/uploads\/2020\/10\/IMG_3279.jpg\",\"width\":640,\"height\":480},{\"@type\":\"WebPage\",\"@id\":\"https:\/\/apartmanyjama.sk\/?page_id=822#webpage\",\"url\":\"https:\/\/apartmanyjama.sk\/?page_id=822\",\"name\":\"Spolo\u010densk\u00e1 miestnos\u0165 -\",\"isPartOf\":{\"@id\":\"https:\/\/apartmanyjama.sk\/#website\"},\"primaryImageOfPage\":{\"@id\":\"https:\/\/apartmanyjama.sk\/?page_id=822#primaryimage\"},\"datePublished\":\"2020-06-19T06:46:49+00:00\",\"dateModified\":\"2020-10-08T17:19:26+00:00\",\"breadcrumb\":{\"@id\":\"https:\/\/apartmanyjama.sk\/?page_id=822#breadcrumb\"},\"inLanguage\":\"sk-SK\",\"potentialAction\":[{\"@type\":\"ReadAction\",\"target\":[\"https:\/\/apartmanyjama.sk\/?page_id=822\"]}]},{\"@type\":\"BreadcrumbList\",\"@id\":\"https:\/\/apartmanyjama.sk\/?page_id=822#breadcrumb\",\"itemListElement\":[{\"@type\":\"ListItem\",\"position\":1,\"name\":\"Home\",\"item\":\"http:\/\/apartmanyjama.sk\/\"},{\"@type\":\"ListItem\",\"position\":2,\"name\":\"Spolo\u010densk\u00e1 miestnos\u0165\"}]}]}<\/script>\n<!-- \/ Yoast SEO plugin. -->","yoast_head_json":{"title":"Spolo\u010densk\u00e1 miestnos\u0165 -","robots":{"index":"index","follow":"follow","max-snippet":"max-snippet:-1","max-image-preview":"max-image-preview:large","max-video-preview":"max-video-preview:-1"},"canonical":"https:\/\/apartmanyjama.sk\/?page_id=822","og_locale":"sk_SK","og_type":"article","og_title":"Spolo\u010densk\u00e1 miestnos\u0165 -","og_url":"https:\/\/apartmanyjama.sk\/?page_id=822","article_modified_time":"2020-10-08T17:19:26+00:00","og_image":[{"url":"http:\/\/apartmanyjama.sk\/wp-content\/uploads\/2020\/10\/IMG_3279.jpg"}],"twitter_card":"summary_large_image","schema":{"@context":"https:\/\/schema.org","@graph":[{"@type":"WebSite","@id":"https:\/\/apartmanyjama.sk\/#website","url":"https:\/\/apartmanyjama.sk\/","name":"","description":"","potentialAction":[{"@type":"SearchAction","target":{"@type":"EntryPoint","urlTemplate":"https:\/\/apartmanyjama.sk\/?s={search_term_string}"},"query-input":"required name=search_term_string"}],"inLanguage":"sk-SK"},{"@type":"ImageObject","@id":"https:\/\/apartmanyjama.sk\/?page_id=822#primaryimage","inLanguage":"sk-SK","url":"https:\/\/apartmanyjama.sk\/wp-content\/uploads\/2020\/10\/IMG_3279.jpg","contentUrl":"https:\/\/apartmanyjama.sk\/wp-content\/uploads\/2020\/10\/IMG_3279.jpg","width":640,"height":480},{"@type":"WebPage","@id":"https:\/\/apartmanyjama.sk\/?page_id=822#webpage","url":"https:\/\/apartmanyjama.sk\/?page_id=822","name":"Spolo\u010densk\u00e1 miestnos\u0165 -","isPartOf":{"@id":"https:\/\/apartmanyjama.sk\/#website"},"primaryImageOfPage":{"@id":"https:\/\/apartmanyjama.sk\/?page_id=822#primaryimage"},"datePublished":"2020-06-19T06:46:49+00:00","dateModified":"2020-10-08T17:19:26+00:00","breadcrumb":{"@id":"https:\/\/apartmanyjama.sk\/?page_id=822#breadcrumb"},"inLanguage":"sk-SK","potentialAction":[{"@type":"ReadAction","target":["https:\/\/apartmanyjama.sk\/?page_id=822"]}]},{"@type":"BreadcrumbList","@id":"https:\/\/apartmanyjama.sk\/?page_id=822#breadcrumb","itemListElement":[{"@type":"ListItem","position":1,"name":"Home","item":"http:\/\/apartmanyjama.sk\/"},{"@type":"ListItem","position":2,"name":"Spolo\u010densk\u00e1 miestnos\u0165"}]}]}},"_links":{"self":[{"href":"https:\/\/apartmanyjama.sk\/index.php?rest_route=\/wp\/v2\/pages\/822"}],"collection":[{"href":"https:\/\/apartmanyjama.sk\/index.php?rest_route=\/wp\/v2\/pages"}],"about":[{"href":"https:\/\/apartmanyjama.sk\/index.php?rest_route=\/wp\/v2\/types\/page"}],"author":[{"embeddable":true,"href":"https:\/\/apartmanyjama.sk\/index.php?rest_route=\/wp\/v2\/users\/2"}],"replies":[{"embeddable":true,"href":"https:\/\/apartmanyjama.sk\/index.php?rest_route=%2Fwp%2Fv2%2Fcomments&post=822"}],"version-history":[{"count":6,"href":"https:\/\/apartmanyjama.sk\/index.php?rest_route=\/wp\/v2\/pages\/822\/revisions"}],"predecessor-version":[{"id":1554,"href":"https:\/\/apartmanyjama.sk\/index.php?rest_route=\/wp\/v2\/pages\/822\/revisions\/1554"}],"wp:attachment":[{"href":"https:\/\/apartmanyjama.sk\/index.php?rest_route=%2Fwp%2Fv2%2Fmedia&parent=822"}],"curies":[{"name":"wp","href":"https:\/\/api.w.org\/{rel}","templated":true}]}}