{"id":567,"date":"2020-06-18T09:32:22","date_gmt":"2020-06-18T07:32:22","guid":{"rendered":"http:\/\/apartmanyjama.sk\/?page_id=567"},"modified":"2020-06-29T14:05:28","modified_gmt":"2020-06-29T12:05:28","slug":"zima","status":"publish","type":"page","link":"https:\/\/apartmanyjama.sk\/?page_id=567","title":{"rendered":"Zima"},"content":{"rendered":"<div data-colibri-id=\"567-c1\" class=\"style-358 style-local-567-c1 position-relative\">\n  <!---->\n  <div data-colibri-component=\"section\" data-colibri-id=\"567-c2\" id=\"about\" class=\"h-section h-section-global-spacing d-flex align-items-lg-center align-items-md-center align-items-center style-362 style-local-567-c2 position-relative\">\n    <!---->\n    <!---->\n    <div class=\"h-section-grid-container h-section-boxed-container\">\n      <!---->\n      <div data-colibri-id=\"567-c3\" class=\"h-row-container gutters-row-lg-2 gutters-row-md-2 gutters-row-2 gutters-row-v-lg-2 gutters-row-v-md-2 gutters-row-v-2 style-363 style-local-567-c3 position-relative\">\n        <!---->\n        <div class=\"h-row justify-content-lg-center justify-content-md-center justify-content-center align-items-lg-stretch align-items-md-stretch align-items-stretch gutters-col-lg-2 gutters-col-md-2 gutters-col-2 gutters-col-v-lg-2 gutters-col-v-md-2 gutters-col-v-2\">\n          <!---->\n          <div class=\"h-column h-column-container d-flex h-col-lg-auto h-col-md-auto h-col-auto style-364-outer style-local-567-c4-outer\">\n            <div data-colibri-id=\"567-c4\" class=\"d-flex h-flex-basis h-column__inner h-px-lg-2 h-px-md-2 h-px-2 v-inner-lg-2 v-inner-md-2 v-inner-2 style-364 style-local-567-c4 position-relative\">\n              <!---->\n              <!---->\n              <div class=\"w-100 h-y-container h-column__content h-column__v-align flex-basis-100 align-self-lg-center align-self-md-center align-self-center\">\n                <!---->\n                <div data-colibri-id=\"567-c5\" class=\"h-global-transition-all h-heading style-365 style-local-567-c5 position-relative h-element\">\n                  <!---->\n                  <div class=\"h-heading__outer style-365 style-local-567-c5\">\n                    <!---->\n                    <!---->\n                    <h5 class=\"\"><\/h5>\n                  <\/div>\n                <\/div>\n                <div data-colibri-id=\"567-c6\" class=\"h-global-transition-all h-heading style-366 style-local-567-c6 position-relative h-element\">\n                  <!---->\n                  <div class=\"h-heading__outer style-366 style-local-567-c6\">\n                    <!---->\n                    <!---->\n                    <h3 class=\"\">Dem\u00e4novsk\u00e1 dolina\n                      <br>N\u00edzke Tatry<\/h3>\n                  <\/div>\n                <\/div>\n                <div data-colibri-id=\"567-c7\" class=\"h-text h-text-component style-367 style-local-567-c7 position-relative h-element\">\n                  <!---->\n                  <!---->\n                  <div class=\"\">\n                    <p>Najv\u00e4\u010d\u0161ia ly\u017eiarska ar\u00e9na s v\u00fdborn\u00fdmi podmienkami pre zimn\u00e9 \u0161porty na Slovensku pon\u00faka na severnej i ju\u017enej strane Chopku nekone\u010dn\u00e9 mo\u017enosti aktiv\u00edt, z\u00e1bavy a akt\u00edvneho oddychu. Stredisko pon\u00faka 45 km perfektne upraven\u00fdch zjazdoviek\n                      r\u00f4znych obtia\u017enost\u00ed, vhodn\u00fdch pre za\u010diato\u010dn\u00edkov, rodiny s de\u0165mi, pokro\u010dil\u00fdch ly\u017eiarov a aj na usporiadanie pretekov svetovej \u00farovne. Modern\u00fd zasne\u017eovac\u00ed syst\u00e9m v d\u013a\u017eke takmer 27 km poskytuje garanciu snehu minim\u00e1lne 5 mesiacov v\n                      roku. Milovn\u00edci divokej jazdy si pr\u00eddu na svoje v mnoh\u00fdch freeridov\u00fdch z\u00f3nach a v skvelom snow parku. Ve\u010der sa v Jasnej ly\u017euje na dvoch osvetlen\u00fdch zjazdovk\u00e1ch. D\u013a\u017eka zimnej sez\u00f3ny je spravidla od za\u010diatku decembra do konca apr\u00edla.\n                      Na Chopku prem\u00e1va 29 lanoviek a vlekov s prepravnou kapacitou viac ako 30 000 os\u00f4b za hodinu.<\/p>\n                  <\/div>\n                <\/div>\n                <div data-colibri-id=\"567-c8\" class=\"h-x-container style-368 style-local-567-c8 position-relative h-element\">\n                  <!---->\n                  <div class=\"h-x-container-inner style-dynamic-567-c8-group style-368-spacing style-local-567-c8-spacing\"><span class=\"h-button__outer style-369-outer style-local-567-c9-outer d-inline-flex h-element\"><a h-use-smooth-scroll=\"true\" href=\"https:\/\/www.jasna.sk\/\"  data-colibri-id=\"567-c9\" class=\"d-flex w-100 align-items-center h-button justify-content-lg-center justify-content-md-center justify-content-center style-369 style-local-567-c9 position-relative\"><!----><!----> <span>web &amp; info<\/span><\/a>\n                    <\/span>\n                  <\/div>\n                <\/div>\n              <\/div>\n            <\/div>\n          <\/div>\n          <div class=\"h-column h-column-container d-flex h-col-lg-auto h-col-md-auto h-col-auto style-370-outer style-local-567-c10-outer\">\n            <div data-colibri-id=\"567-c10\" class=\"d-flex h-flex-basis h-column__inner h-px-lg-2 h-px-md-2 h-px-2 v-inner-lg-2 v-inner-md-2 v-inner-2 style-370 style-local-567-c10 position-relative\">\n              <!---->\n              <!---->\n              <div class=\"w-100 h-y-container h-column__content h-column__v-align flex-basis-100 align-self-lg-center align-self-md-center align-self-center\">\n                <!---->\n                <div data-colibri-id=\"567-c11\" class=\"d-block style-371 style-local-567-c11 position-relative h-element\">\n                  <!---->\n                  <div class=\"h-image__frame-container-outer\">\n                    <div class=\"h-image__frame-container\">\n                      <!---->\n                      <!---->\n                      <img loading=\"lazy\" width=\"1350\" height=\"900\" src=\"http:\/\/apartmanyjama.sk\/wp-content\/uploads\/2020\/06\/Jasna.jpg\" class=\"wp-image-447 style-371-image style-local-567-c11-image\" srcset=\"https:\/\/apartmanyjama.sk\/wp-content\/uploads\/2020\/06\/Jasna.jpg 1350w, https:\/\/apartmanyjama.sk\/wp-content\/uploads\/2020\/06\/Jasna-300x200.jpg 300w, https:\/\/apartmanyjama.sk\/wp-content\/uploads\/2020\/06\/Jasna-1024x683.jpg 1024w, https:\/\/apartmanyjama.sk\/wp-content\/uploads\/2020\/06\/Jasna-768x512.jpg 768w\" sizes=\"(max-width: 1350px) 100vw, 1350px\" alt=\"\" \/>\n                      <div class=\"h-image__frame h-hide-sm style-371-frameImage style-local-567-c11-frameImage\"><\/div>\n                    <\/div>\n                  <\/div>\n                <\/div>\n              <\/div>\n            <\/div>\n          <\/div>\n        <\/div>\n      <\/div>\n    <\/div>\n  <\/div>\n  <div data-colibri-component=\"section\" data-colibri-id=\"567-c12\" id=\"about-2\" class=\"h-section h-section-global-spacing d-flex align-items-lg-center align-items-md-center align-items-center style-426 style-local-567-c12 position-relative\">\n    <!---->\n    <!---->\n    <div class=\"h-section-grid-container h-section-boxed-container\">\n      <!---->\n      <div data-colibri-id=\"567-c13\" class=\"h-row-container gutters-row-lg-2 gutters-row-md-2 gutters-row-2 gutters-row-v-lg-2 gutters-row-v-md-2 gutters-row-v-2 style-427 style-local-567-c13 position-relative\">\n        <!---->\n        <div class=\"h-row justify-content-lg-center justify-content-md-center justify-content-center align-items-lg-stretch align-items-md-stretch align-items-stretch gutters-col-lg-2 gutters-col-md-2 gutters-col-2 gutters-col-v-lg-2 gutters-col-v-md-2 gutters-col-v-2\">\n          <!---->\n          <div class=\"h-column h-column-container d-flex h-col-lg-auto h-col-md-auto h-col-auto style-428-outer style-local-567-c14-outer\">\n            <div data-colibri-id=\"567-c14\" class=\"d-flex h-flex-basis h-column__inner h-px-lg-2 h-px-md-2 h-px-2 v-inner-lg-2 v-inner-md-2 v-inner-2 style-428 style-local-567-c14 position-relative\">\n              <!---->\n              <!---->\n              <div class=\"w-100 h-y-container h-column__content h-column__v-align flex-basis-100 align-self-lg-center align-self-md-center align-self-center\">\n                <!---->\n                <div data-colibri-id=\"567-c15\" class=\"h-global-transition-all h-heading style-429 style-local-567-c15 position-relative h-element\">\n                  <!---->\n                  <div class=\"h-heading__outer style-429 style-local-567-c15\">\n                    <!---->\n                    <!---->\n                    <h5 class=\"\"><\/h5>\n                  <\/div>\n                <\/div>\n                <div data-colibri-id=\"567-c16\" class=\"h-global-transition-all h-heading style-430 style-local-567-c16 position-relative h-element\">\n                  <!---->\n                  <div class=\"h-heading__outer style-430 style-local-567-c16\">\n                    <!---->\n                    <!---->\n                    <h3 class=\"\">Ski are\u00e1l Roh\u00e1\u010de \u2013 Sp\u00e1len\u00e1 dolina Z\u00e1padn\u00e9 Tatry<\/h3>\n                  <\/div>\n                <\/div>\n                <div data-colibri-id=\"567-c17\" class=\"h-text h-text-component style-431 style-local-567-c17 position-relative h-element\">\n                  <!---->\n                  <!---->\n                  <div class=\"\">\n                    <p>Ski are\u00e1l sa nach\u00e1dza v prekr\u00e1snom prostred\u00ed Z\u00e1padn\u00fdch Tatier, v doline pod Salat\u00ednmi. N\u00e1jdete tu optim\u00e1lne podmienky pre v\u0161etky kateg\u00f3rie ly\u017eiarov ako aj snowboardistov. 5 zjazdov\u00fdch trat\u00ed v celkovej d\u013a\u017eke 4,6 km, 3 ly\u017eiarske vleky\n                      a 2 seda\u010dkov\u00e9 lanovky. Nadmorsk\u00e1 v\u00fd\u0161ka: 1090 \u2013 1460 m.n.m.<\/p>\n                  <\/div>\n                <\/div>\n                <div data-colibri-id=\"567-c18\" class=\"h-x-container style-432 style-local-567-c18 position-relative h-element\">\n                  <!---->\n                  <div class=\"h-x-container-inner style-dynamic-567-c18-group style-432-spacing style-local-567-c18-spacing\"><span class=\"h-button__outer style-433-outer style-local-567-c19-outer d-inline-flex h-element\"><a h-use-smooth-scroll=\"true\" href=\"https:\/\/www.rohacespalena.sk\/\"  data-colibri-id=\"567-c19\" class=\"d-flex w-100 align-items-center h-button justify-content-lg-center justify-content-md-center justify-content-center style-433 style-local-567-c19 position-relative\"><!----><!----> <span>web &amp; info<\/span><\/a>\n                    <\/span>\n                  <\/div>\n                <\/div>\n              <\/div>\n            <\/div>\n          <\/div>\n          <div class=\"h-column h-column-container d-flex h-col-lg-auto h-col-md-auto h-col-auto style-434-outer style-local-567-c20-outer\">\n            <div data-colibri-id=\"567-c20\" class=\"d-flex h-flex-basis h-column__inner h-px-lg-2 h-px-md-2 h-px-2 v-inner-lg-2 v-inner-md-2 v-inner-2 style-434 style-local-567-c20 position-relative\">\n              <!---->\n              <!---->\n              <div class=\"w-100 h-y-container h-column__content h-column__v-align flex-basis-100 align-self-lg-center align-self-md-center align-self-center\">\n                <!---->\n                <div data-colibri-id=\"567-c21\" class=\"d-block style-435 style-local-567-c21 position-relative h-element\">\n                  <!---->\n                  <div class=\"h-image__frame-container-outer\">\n                    <div class=\"h-image__frame-container\">\n                      <!---->\n                      <!---->\n                      <img loading=\"lazy\" width=\"1500\" height=\"843\" src=\"http:\/\/apartmanyjama.sk\/wp-content\/uploads\/2020\/06\/lyziarske-stredisko-rohace-spalena.jpg\" class=\"wp-image-707 style-435-image style-local-567-c21-image\" srcset=\"https:\/\/apartmanyjama.sk\/wp-content\/uploads\/2020\/06\/lyziarske-stredisko-rohace-spalena.jpg 1500w, https:\/\/apartmanyjama.sk\/wp-content\/uploads\/2020\/06\/lyziarske-stredisko-rohace-spalena-300x169.jpg 300w, https:\/\/apartmanyjama.sk\/wp-content\/uploads\/2020\/06\/lyziarske-stredisko-rohace-spalena-1024x575.jpg 1024w, https:\/\/apartmanyjama.sk\/wp-content\/uploads\/2020\/06\/lyziarske-stredisko-rohace-spalena-768x432.jpg 768w\" sizes=\"(max-width: 1500px) 100vw, 1500px\" alt=\"\" \/>\n                      <div class=\"h-image__frame h-hide-sm style-435-frameImage style-local-567-c21-frameImage\"><\/div>\n                    <\/div>\n                  <\/div>\n                <\/div>\n              <\/div>\n            <\/div>\n          <\/div>\n        <\/div>\n      <\/div>\n    <\/div>\n  <\/div>\n  <div data-colibri-component=\"section\" data-colibri-id=\"567-c22\" id=\"about-3\" class=\"h-section h-section-global-spacing d-flex align-items-lg-center align-items-md-center align-items-center style-436 style-local-567-c22 position-relative\">\n    <!---->\n    <!---->\n    <div class=\"h-section-grid-container h-section-boxed-container\">\n      <!---->\n      <div data-colibri-id=\"567-c23\" class=\"h-row-container gutters-row-lg-2 gutters-row-md-2 gutters-row-2 gutters-row-v-lg-2 gutters-row-v-md-2 gutters-row-v-2 style-437 style-local-567-c23 position-relative\">\n        <!---->\n        <div class=\"h-row justify-content-lg-center justify-content-md-center justify-content-center align-items-lg-stretch align-items-md-stretch align-items-stretch gutters-col-lg-2 gutters-col-md-2 gutters-col-2 gutters-col-v-lg-2 gutters-col-v-md-2 gutters-col-v-2\">\n          <!---->\n          <div class=\"h-column h-column-container d-flex h-col-lg-auto h-col-md-auto h-col-auto style-438-outer style-local-567-c24-outer\">\n            <div data-colibri-id=\"567-c24\" class=\"d-flex h-flex-basis h-column__inner h-px-lg-2 h-px-md-2 h-px-2 v-inner-lg-2 v-inner-md-2 v-inner-2 style-438 style-local-567-c24 position-relative\">\n              <!---->\n              <!---->\n              <div class=\"w-100 h-y-container h-column__content h-column__v-align flex-basis-100 align-self-lg-center align-self-md-center align-self-center\">\n                <!---->\n                <div data-colibri-id=\"567-c25\" class=\"h-global-transition-all h-heading style-439 style-local-567-c25 position-relative h-element\">\n                  <!---->\n                  <div class=\"h-heading__outer style-439 style-local-567-c25\">\n                    <!---->\n                    <!---->\n                    <h6 class=\"\">(nedaleko apartm\u00e1nov JA&amp;MA)<\/h6>\n                  <\/div>\n                <\/div>\n                <div data-colibri-id=\"567-c26\" class=\"h-global-transition-all h-heading style-440 style-local-567-c26 position-relative h-element\">\n                  <!---->\n                  <div class=\"h-heading__outer style-440 style-local-567-c26\">\n                    <!---->\n                    <!---->\n                    <h3 class=\"\">Ski \u017diarce Pav\u010dina Lehota\n                      <br>N\u00edzke Tatry<\/h3>\n                  <\/div>\n                <\/div>\n                <div data-colibri-id=\"567-c27\" class=\"h-text h-text-component style-441 style-local-567-c27 position-relative h-element\">\n                  <!---->\n                  <!---->\n                  <div class=\"\">\n                    <p>Ly\u017eiarsky rodinn\u00fd are\u00e1l pon\u00faka vhodn\u00fa kombin\u00e1ciu ter\u00e9nov pre za\u010diato\u010dn\u00edkov ako aj sk\u00fasen\u00fdch ly\u017eiarov, 2 zjazdov\u00e9 trate v celkovej d\u013a\u017eke 1600 m a 2 ly\u017eiarske vleky. Nadmorsk\u00e1 v\u00fd\u0161ka: 760 \u2013 907 m.n.m <\/p>\n                  <\/div>\n                <\/div>\n                <div data-colibri-id=\"567-c28\" class=\"h-x-container style-442 style-local-567-c28 position-relative h-element\">\n                  <!---->\n                  <div class=\"h-x-container-inner style-dynamic-567-c28-group style-442-spacing style-local-567-c28-spacing\"><span class=\"h-button__outer style-443-outer style-local-567-c29-outer d-inline-flex h-element\"><a h-use-smooth-scroll=\"true\" href=\"http:\/\/ziarce.sk\/\"  data-colibri-id=\"567-c29\" class=\"d-flex w-100 align-items-center h-button justify-content-lg-center justify-content-md-center justify-content-center style-443 style-local-567-c29 position-relative\"><!----><!----> <span>web &amp; info<\/span><\/a>\n                    <\/span>\n                  <\/div>\n                <\/div>\n              <\/div>\n            <\/div>\n          <\/div>\n          <div class=\"h-column h-column-container d-flex h-col-lg-auto h-col-md-auto h-col-auto style-444-outer style-local-567-c30-outer\">\n            <div data-colibri-id=\"567-c30\" class=\"d-flex h-flex-basis h-column__inner h-px-lg-2 h-px-md-2 h-px-2 v-inner-lg-2 v-inner-md-2 v-inner-2 style-444 style-local-567-c30 position-relative\">\n              <!---->\n              <!---->\n              <div class=\"w-100 h-y-container h-column__content h-column__v-align flex-basis-100 align-self-lg-center align-self-md-center align-self-center\">\n                <!---->\n                <div data-colibri-id=\"567-c31\" class=\"d-block style-445 style-local-567-c31 position-relative h-element\">\n                  <!---->\n                  <div class=\"h-image__frame-container-outer\">\n                    <div class=\"h-image__frame-container\">\n                      <!---->\n                      <!---->\n                      <img loading=\"lazy\" width=\"2048\" height=\"1360\" src=\"http:\/\/apartmanyjama.sk\/wp-content\/uploads\/2020\/06\/Ski-\u017diarce-Pav\u010dina-Lehota-.jpg\" class=\"wp-image-1151 style-445-image style-local-567-c31-image\" srcset=\"https:\/\/apartmanyjama.sk\/wp-content\/uploads\/2020\/06\/Ski-\u017diarce-Pav\u010dina-Lehota-.jpg 2048w, https:\/\/apartmanyjama.sk\/wp-content\/uploads\/2020\/06\/Ski-\u017diarce-Pav\u010dina-Lehota--300x199.jpg 300w, https:\/\/apartmanyjama.sk\/wp-content\/uploads\/2020\/06\/Ski-\u017diarce-Pav\u010dina-Lehota--1024x680.jpg 1024w, https:\/\/apartmanyjama.sk\/wp-content\/uploads\/2020\/06\/Ski-\u017diarce-Pav\u010dina-Lehota--768x510.jpg 768w, https:\/\/apartmanyjama.sk\/wp-content\/uploads\/2020\/06\/Ski-\u017diarce-Pav\u010dina-Lehota--1536x1020.jpg 1536w\" sizes=\"(max-width: 2048px) 100vw, 2048px\" alt=\"\" \/>\n                      <div class=\"h-image__frame h-hide-sm style-445-frameImage style-local-567-c31-frameImage\"><\/div>\n                    <\/div>\n                  <\/div>\n                <\/div>\n              <\/div>\n            <\/div>\n          <\/div>\n        <\/div>\n      <\/div>\n    <\/div>\n  <\/div>\n<\/div>","protected":false},"excerpt":{"rendered":"<p>Dem\u00e4novsk\u00e1 dolina N\u00edzke Tatry Najv\u00e4\u010d\u0161ia ly\u017eiarska ar\u00e9na s v\u00fdborn\u00fdmi podmienkami pre zimn\u00e9 \u0161porty na Slovensku pon\u00faka na severnej i ju\u017enej strane Chopku nekone\u010dn\u00e9 mo\u017enosti aktiv\u00edt, z\u00e1bavy a akt\u00edvneho oddychu. Stredisko pon\u00faka 45 km perfektne upraven\u00fdch zjazdoviek r\u00f4znych obtia\u017enost\u00ed, vhodn\u00fdch pre za\u010diato\u010dn\u00edkov, rodiny s de\u0165mi, pokro\u010dil\u00fdch ly\u017eiarov a aj na usporiadanie pretekov svetovej \u00farovne. Modern\u00fd zasne\u017eovac\u00ed [&hellip;]<\/p>\n","protected":false},"author":2,"featured_media":0,"parent":0,"menu_order":0,"comment_status":"closed","ping_status":"closed","template":"elementor_header_footer","meta":{"_monsterinsights_skip_tracking":false,"_monsterinsights_sitenote_active":false,"_monsterinsights_sitenote_note":"","_monsterinsights_sitenote_category":0},"yoast_head":"<!-- This site is optimized with the Yoast SEO plugin v18.4.1 - https:\/\/yoast.com\/wordpress\/plugins\/seo\/ -->\n<title>Zima -<\/title>\n<meta name=\"robots\" content=\"index, follow, max-snippet:-1, max-image-preview:large, max-video-preview:-1\" \/>\n<link rel=\"canonical\" href=\"https:\/\/apartmanyjama.sk\/?page_id=567\" \/>\n<meta property=\"og:locale\" content=\"sk_SK\" \/>\n<meta property=\"og:type\" content=\"article\" \/>\n<meta property=\"og:title\" content=\"Zima -\" \/>\n<meta property=\"og:description\" content=\"Dem\u00e4novsk\u00e1 dolina N\u00edzke Tatry Najv\u00e4\u010d\u0161ia ly\u017eiarska ar\u00e9na s v\u00fdborn\u00fdmi podmienkami pre zimn\u00e9 \u0161porty na Slovensku pon\u00faka na severnej i ju\u017enej strane Chopku nekone\u010dn\u00e9 mo\u017enosti aktiv\u00edt, z\u00e1bavy a akt\u00edvneho oddychu. Stredisko pon\u00faka 45 km perfektne upraven\u00fdch zjazdoviek r\u00f4znych obtia\u017enost\u00ed, vhodn\u00fdch pre za\u010diato\u010dn\u00edkov, rodiny s de\u0165mi, pokro\u010dil\u00fdch ly\u017eiarov a aj na usporiadanie pretekov svetovej \u00farovne. Modern\u00fd zasne\u017eovac\u00ed [&hellip;]\" \/>\n<meta property=\"og:url\" content=\"https:\/\/apartmanyjama.sk\/?page_id=567\" \/>\n<meta property=\"article:modified_time\" content=\"2020-06-29T12:05:28+00:00\" \/>\n<meta property=\"og:image\" content=\"http:\/\/apartmanyjama.sk\/wp-content\/uploads\/2020\/06\/Jasna.jpg\" \/>\n<meta name=\"twitter:card\" content=\"summary_large_image\" \/>\n<meta name=\"twitter:label1\" content=\"Predpokladan\u00fd \u010das \u010d\u00edtania\" \/>\n\t<meta name=\"twitter:data1\" content=\"1 min\u00fata\" \/>\n<script type=\"application\/ld+json\" class=\"yoast-schema-graph\">{\"@context\":\"https:\/\/schema.org\",\"@graph\":[{\"@type\":\"WebSite\",\"@id\":\"https:\/\/apartmanyjama.sk\/#website\",\"url\":\"https:\/\/apartmanyjama.sk\/\",\"name\":\"\",\"description\":\"\",\"potentialAction\":[{\"@type\":\"SearchAction\",\"target\":{\"@type\":\"EntryPoint\",\"urlTemplate\":\"https:\/\/apartmanyjama.sk\/?s={search_term_string}\"},\"query-input\":\"required name=search_term_string\"}],\"inLanguage\":\"sk-SK\"},{\"@type\":\"ImageObject\",\"@id\":\"https:\/\/apartmanyjama.sk\/?page_id=567#primaryimage\",\"inLanguage\":\"sk-SK\",\"url\":\"https:\/\/apartmanyjama.sk\/wp-content\/uploads\/2020\/06\/Jasna.jpg\",\"contentUrl\":\"https:\/\/apartmanyjama.sk\/wp-content\/uploads\/2020\/06\/Jasna.jpg\",\"width\":1350,\"height\":900},{\"@type\":\"WebPage\",\"@id\":\"https:\/\/apartmanyjama.sk\/?page_id=567#webpage\",\"url\":\"https:\/\/apartmanyjama.sk\/?page_id=567\",\"name\":\"Zima -\",\"isPartOf\":{\"@id\":\"https:\/\/apartmanyjama.sk\/#website\"},\"primaryImageOfPage\":{\"@id\":\"https:\/\/apartmanyjama.sk\/?page_id=567#primaryimage\"},\"datePublished\":\"2020-06-18T07:32:22+00:00\",\"dateModified\":\"2020-06-29T12:05:28+00:00\",\"breadcrumb\":{\"@id\":\"https:\/\/apartmanyjama.sk\/?page_id=567#breadcrumb\"},\"inLanguage\":\"sk-SK\",\"potentialAction\":[{\"@type\":\"ReadAction\",\"target\":[\"https:\/\/apartmanyjama.sk\/?page_id=567\"]}]},{\"@type\":\"BreadcrumbList\",\"@id\":\"https:\/\/apartmanyjama.sk\/?page_id=567#breadcrumb\",\"itemListElement\":[{\"@type\":\"ListItem\",\"position\":1,\"name\":\"Home\",\"item\":\"http:\/\/apartmanyjama.sk\/\"},{\"@type\":\"ListItem\",\"position\":2,\"name\":\"Zima\"}]}]}<\/script>\n<!-- \/ Yoast SEO plugin. -->","yoast_head_json":{"title":"Zima -","robots":{"index":"index","follow":"follow","max-snippet":"max-snippet:-1","max-image-preview":"max-image-preview:large","max-video-preview":"max-video-preview:-1"},"canonical":"https:\/\/apartmanyjama.sk\/?page_id=567","og_locale":"sk_SK","og_type":"article","og_title":"Zima -","og_description":"Dem\u00e4novsk\u00e1 dolina N\u00edzke Tatry Najv\u00e4\u010d\u0161ia ly\u017eiarska ar\u00e9na s v\u00fdborn\u00fdmi podmienkami pre zimn\u00e9 \u0161porty na Slovensku pon\u00faka na severnej i ju\u017enej strane Chopku nekone\u010dn\u00e9 mo\u017enosti aktiv\u00edt, z\u00e1bavy a akt\u00edvneho oddychu. Stredisko pon\u00faka 45 km perfektne upraven\u00fdch zjazdoviek r\u00f4znych obtia\u017enost\u00ed, vhodn\u00fdch pre za\u010diato\u010dn\u00edkov, rodiny s de\u0165mi, pokro\u010dil\u00fdch ly\u017eiarov a aj na usporiadanie pretekov svetovej \u00farovne. Modern\u00fd zasne\u017eovac\u00ed [&hellip;]","og_url":"https:\/\/apartmanyjama.sk\/?page_id=567","article_modified_time":"2020-06-29T12:05:28+00:00","og_image":[{"url":"http:\/\/apartmanyjama.sk\/wp-content\/uploads\/2020\/06\/Jasna.jpg"}],"twitter_card":"summary_large_image","twitter_misc":{"Predpokladan\u00fd \u010das \u010d\u00edtania":"1 min\u00fata"},"schema":{"@context":"https:\/\/schema.org","@graph":[{"@type":"WebSite","@id":"https:\/\/apartmanyjama.sk\/#website","url":"https:\/\/apartmanyjama.sk\/","name":"","description":"","potentialAction":[{"@type":"SearchAction","target":{"@type":"EntryPoint","urlTemplate":"https:\/\/apartmanyjama.sk\/?s={search_term_string}"},"query-input":"required name=search_term_string"}],"inLanguage":"sk-SK"},{"@type":"ImageObject","@id":"https:\/\/apartmanyjama.sk\/?page_id=567#primaryimage","inLanguage":"sk-SK","url":"https:\/\/apartmanyjama.sk\/wp-content\/uploads\/2020\/06\/Jasna.jpg","contentUrl":"https:\/\/apartmanyjama.sk\/wp-content\/uploads\/2020\/06\/Jasna.jpg","width":1350,"height":900},{"@type":"WebPage","@id":"https:\/\/apartmanyjama.sk\/?page_id=567#webpage","url":"https:\/\/apartmanyjama.sk\/?page_id=567","name":"Zima -","isPartOf":{"@id":"https:\/\/apartmanyjama.sk\/#website"},"primaryImageOfPage":{"@id":"https:\/\/apartmanyjama.sk\/?page_id=567#primaryimage"},"datePublished":"2020-06-18T07:32:22+00:00","dateModified":"2020-06-29T12:05:28+00:00","breadcrumb":{"@id":"https:\/\/apartmanyjama.sk\/?page_id=567#breadcrumb"},"inLanguage":"sk-SK","potentialAction":[{"@type":"ReadAction","target":["https:\/\/apartmanyjama.sk\/?page_id=567"]}]},{"@type":"BreadcrumbList","@id":"https:\/\/apartmanyjama.sk\/?page_id=567#breadcrumb","itemListElement":[{"@type":"ListItem","position":1,"name":"Home","item":"http:\/\/apartmanyjama.sk\/"},{"@type":"ListItem","position":2,"name":"Zima"}]}]}},"_links":{"self":[{"href":"https:\/\/apartmanyjama.sk\/index.php?rest_route=\/wp\/v2\/pages\/567"}],"collection":[{"href":"https:\/\/apartmanyjama.sk\/index.php?rest_route=\/wp\/v2\/pages"}],"about":[{"href":"https:\/\/apartmanyjama.sk\/index.php?rest_route=\/wp\/v2\/types\/page"}],"author":[{"embeddable":true,"href":"https:\/\/apartmanyjama.sk\/index.php?rest_route=\/wp\/v2\/users\/2"}],"replies":[{"embeddable":true,"href":"https:\/\/apartmanyjama.sk\/index.php?rest_route=%2Fwp%2Fv2%2Fcomments&post=567"}],"version-history":[{"count":11,"href":"https:\/\/apartmanyjama.sk\/index.php?rest_route=\/wp\/v2\/pages\/567\/revisions"}],"predecessor-version":[{"id":1154,"href":"https:\/\/apartmanyjama.sk\/index.php?rest_route=\/wp\/v2\/pages\/567\/revisions\/1154"}],"wp:attachment":[{"href":"https:\/\/apartmanyjama.sk\/index.php?rest_route=%2Fwp%2Fv2%2Fmedia&parent=567"}],"curies":[{"name":"wp","href":"https:\/\/api.w.org\/{rel}","templated":true}]}}