{"id":20,"date":"2020-05-24T14:07:32","date_gmt":"2020-05-24T12:07:32","guid":{"rendered":"http:\/\/apartmanyjama.sk\/?page_id=20"},"modified":"2022-02-18T10:16:50","modified_gmt":"2022-02-18T09:16:50","slug":"cennik","status":"publish","type":"page","link":"https:\/\/apartmanyjama.sk\/?page_id=20","title":{"rendered":"Cenn\u00edk"},"content":{"rendered":"\t\t<div data-elementor-type=\"wp-page\" data-elementor-id=\"20\" class=\"elementor elementor-20\">\n\t\t\t\t\t\t<div class=\"elementor-inner\">\n\t\t\t\t<div class=\"elementor-section-wrap\">\n\t\t\t\t\t\t\t\t\t<section class=\"elementor-section elementor-top-section elementor-element elementor-element-b8fe08c elementor-section-boxed elementor-section-height-default elementor-section-height-default\" data-id=\"b8fe08c\" data-element_type=\"section\">\n\t\t\t\t\t\t<div class=\"elementor-container elementor-column-gap-default\">\n\t\t\t\t\t\t\t<div class=\"elementor-row\">\n\t\t\t\t\t<div class=\"elementor-column elementor-col-100 elementor-top-column elementor-element elementor-element-ace2ebf\" data-id=\"ace2ebf\" data-element_type=\"column\">\n\t\t\t<div class=\"elementor-column-wrap elementor-element-populated\">\n\t\t\t\t\t\t\t<div class=\"elementor-widget-wrap\">\n\t\t\t\t\t\t<div class=\"elementor-element elementor-element-de967b9 elementor-widget elementor-widget-text-editor\" data-id=\"de967b9\" data-element_type=\"widget\" data-widget_type=\"text-editor.default\">\n\t\t\t\t<div class=\"elementor-widget-container\">\n\t\t\t\t\t\t\t\t<div class=\"elementor-text-editor elementor-clearfix\">\n\t\t\t\t<p><span style=\"color: #000000;\">Cena za ubytovanie je flexibiln\u00e1 a z\u00e1vis\u00ed od:<\/span><\/p><ul><li><strong style=\"color: #2c1f1f; font-size: 15px; margin: 0px; padding: 0px; border: 0px; vertical-align: baseline;\">term\u00ednu v\u00e1\u0161ho pobytu<\/strong><span style=\"color: #2c1f1f; font-size: 15px;\">\u00a0(sez\u00f3ny),<\/span><\/li><li><strong style=\"color: #2c1f1f; font-size: 15px; margin: 0px; padding: 0px; border: 0px; vertical-align: baseline;\">po\u010dtu noc\u00ed<\/strong><span style=\"color: #2c1f1f; font-size: 15px;\">\u00a0(d\u013a\u017eky pobytu),<\/span><\/li><li><strong style=\"color: #2c1f1f; font-size: 15px; margin: 0px; padding: 0px; border: 0px; vertical-align: baseline;\">po\u010dtu os\u00f4b<\/strong><span style=\"color: #2c1f1f; font-size: 15px;\">\u00a0pr\u00edpadne\u00a0<\/span><strong style=\"color: #2c1f1f; font-size: 15px; margin: 0px; padding: 0px; border: 0px; vertical-align: baseline;\">veku det\u00ed<\/strong><\/li><\/ul><h2><span style=\"font-size: 3rem;\">Apartm\u00e1ny<\/span><\/h2><table style=\"border-spacing: 0px; padding: 0px; border: none; font-size: 0.875rem; vertical-align: baseline; table-layout: fixed; color: #2c1f1f; font-family: Ubuntu, sans-serif; height: 141px;\" width=\"618\"><thead style=\"margin: 0px; padding: 0px; border: 0px; font-size: 13.125px; vertical-align: baseline;\"><tr style=\"margin: 0px; padding: 0px; border: 0px; vertical-align: baseline;\"><th style=\"padding: 0.875rem 1.25rem; border-color: #dbd4d5; vertical-align: middle; background-color: #f4f4f4; line-height: 1.2; color: #000000; text-align: left; min-width: 8.75rem;\" scope=\"col\">Apartm\u00e1ny<\/th><th style=\"padding: 0.875rem 1.25rem; border-color: #dbd4d5; vertical-align: middle; background-color: #f4f4f4; line-height: 1.2; color: #000000; text-align: left; min-width: 8.75rem;\" scope=\"col\">Zimn\u00e1 sez\u00f3na*<br \/><small style=\"font-size: 11.1563px; margin: 0px; padding: 0px; border: 0px; vertical-align: baseline; font-weight: 400;\">od 15.12 \u2013 do 31.03<\/small><\/th><th style=\"padding: 0.875rem 1.25rem; border-color: #dbd4d5; vertical-align: middle; background-color: #f4f4f4; line-height: 1.2; color: #000000; text-align: left; min-width: 8.75rem;\" scope=\"col\">Letn\u00e1 sez\u00f3na<br \/><small style=\"font-size: 11.1563px; margin: 0px; padding: 0px; border: 0px; vertical-align: baseline; font-weight: 400;\">od 15.06 \u2013 2.09<\/small><\/th><th style=\"padding: 0.875rem 1.25rem; border-color: #dbd4d5; vertical-align: middle; background-color: #f4f4f4; line-height: 1.2; color: #000000; text-align: left; min-width: 8.75rem;\" scope=\"col\">Mimosez\u00f3na<\/th><\/tr><tr style=\"margin: 0px; padding: 0px; border: 0px; vertical-align: baseline;\"><td style=\"padding: 0.625rem 1.25rem; border-bottom-width: 3px; border-color: #dbd4d5; vertical-align: middle; line-height: 1.5;\">Apartm\u00e1n 1 &#8211; min.3 noci<br \/><small style=\"font-size: 11.1563px; margin: 0px; padding: 0px; border: 0px; vertical-align: baseline;\">(3+2 osoby)<br \/><\/small><\/td><td style=\"padding: 0.625rem 1.25rem; border-bottom-width: 3px; border-color: #dbd4d5; vertical-align: middle; line-height: 1.5;\">90 \u2013 120 \u20ac<\/td><td style=\"padding: 0.625rem 1.25rem; border-bottom-width: 3px; border-color: #dbd4d5; vertical-align: middle; line-height: 1.5;\">90 \u2013 120 \u20ac<\/td><td style=\"padding: 0.625rem 1.25rem; border-bottom-width: 3px; border-color: #dbd4d5; vertical-align: middle; line-height: 1.5;\">80 \u2013 100 \u20ac<\/td><\/tr><\/thead><\/table><table style=\"border-spacing: 0px; padding: 0px; border: none; font-size: 0.875rem; vertical-align: baseline; table-layout: fixed; color: #2c1f1f; font-family: Ubuntu, sans-serif; height: 77px;\" width=\"620\"><thead style=\"margin: 0px; padding: 0px; border: 0px; font-size: 13.125px; vertical-align: baseline;\"><tr style=\"margin: 0px; padding: 0px; border: 0px; vertical-align: baseline;\"><td style=\"padding: 0.625rem 1.25rem; border-bottom-width: 3px; border-color: #dbd4d5; vertical-align: middle; line-height: 1.5;\">Apartm\u00e1n 2<br \/><small style=\"font-size: 11.1563px; margin: 0px; padding: 0px; border: 0px; vertical-align: baseline;\">(3+2 osoby)<\/small><\/td><td style=\"padding: 0.625rem 1.25rem; border-bottom-width: 3px; border-color: #dbd4d5; vertical-align: middle; line-height: 1.5;\">90 \u2013 120 \u20ac<\/td><td style=\"padding: 0.625rem 1.25rem; border-bottom-width: 3px; border-color: #dbd4d5; vertical-align: middle; line-height: 1.5;\">90 \u2013 120 \u20ac<\/td><td style=\"padding: 0.625rem 1.25rem; border-bottom-width: 3px; border-color: #dbd4d5; vertical-align: middle; line-height: 1.5;\">80 \u2013 100 \u20ac<\/td><\/tr><\/thead><\/table><table style=\"border-spacing: 0px; padding: 0px; border: none; font-size: 0.875rem; vertical-align: baseline; table-layout: fixed; color: #2c1f1f; font-family: Ubuntu, sans-serif; height: 85px;\" width=\"619\"><thead style=\"margin: 0px; padding: 0px; border: 0px; font-size: 13.125px; vertical-align: baseline;\"><tr style=\"margin: 0px; padding: 0px; border: 0px; vertical-align: baseline;\"><td style=\"padding: 0.625rem 1.25rem; border-bottom-width: 3px; border-color: #dbd4d5; vertical-align: middle; line-height: 1.5;\">Apartm\u00e1n 3<br \/><small style=\"font-size: 11.1563px; margin: 0px; padding: 0px; border: 0px; vertical-align: baseline;\">(3+2 osoby)<\/small><\/td><td style=\"padding: 0.625rem 1.25rem; border-bottom-width: 3px; border-color: #dbd4d5; vertical-align: middle; line-height: 1.5;\">90 \u2013 120 \u20ac<\/td><td style=\"padding: 0.625rem 1.25rem; border-bottom-width: 3px; border-color: #dbd4d5; vertical-align: middle; line-height: 1.5;\">90 \u2013 120 \u20ac<\/td><td style=\"padding: 0.625rem 1.25rem; border-bottom-width: 3px; border-color: #dbd4d5; vertical-align: middle; line-height: 1.5;\">80 \u2013 100 \u20ac<\/td><\/tr><\/thead><\/table><table style=\"border-spacing: 0px; padding: 0px; border: none; font-size: 0.875rem; vertical-align: baseline; table-layout: fixed; color: #2c1f1f; font-family: Ubuntu, sans-serif; height: 92px;\" width=\"619\"><thead style=\"margin: 0px; padding: 0px; border: 0px; font-size: 13.125px; vertical-align: baseline;\"><tr style=\"margin: 0px; padding: 0px; border: 0px; vertical-align: baseline;\"><td style=\"padding: 0.625rem 1.25rem; border-bottom-width: 3px; border-color: #dbd4d5; vertical-align: middle; line-height: 1.5;\">Apartm\u00e1n 4<br \/><small style=\"font-size: 11.1563px; margin: 0px; padding: 0px; border: 0px; vertical-align: baseline;\">(3+2 osoby)<\/small><\/td><td style=\"padding: 0.625rem 1.25rem; border-bottom-width: 3px; border-color: #dbd4d5; vertical-align: middle; line-height: 1.5;\">90 \u2013 120 \u20ac<\/td><td style=\"padding: 0.625rem 1.25rem; border-bottom-width: 3px; border-color: #dbd4d5; vertical-align: middle; line-height: 1.5;\">90 \u2013 120 \u20ac<\/td><td style=\"padding: 0.625rem 1.25rem; border-bottom-width: 3px; border-color: #dbd4d5; vertical-align: middle; line-height: 1.5;\">80 \u2013 100 \u20ac<\/td><\/tr><\/thead><\/table><table style=\"border-spacing: 0px; padding: 0px; border: none; font-size: 0.875rem; vertical-align: baseline; table-layout: fixed; color: #2c1f1f; font-family: Ubuntu, sans-serif; height: 100px;\" width=\"618\"><thead style=\"margin: 0px; padding: 0px; border: 0px; font-size: 13.125px; vertical-align: baseline;\"><tr style=\"margin: 0px; padding: 0px; border: 0px; vertical-align: baseline;\"><td style=\"padding: 0.625rem 1.25rem; border-bottom-width: 3px; border-color: #dbd4d5; vertical-align: middle; line-height: 1.5;\">Apartm\u00e1n 5<br \/><small style=\"font-size: 11.1563px; margin: 0px; padding: 0px; border: 0px; vertical-align: baseline;\">(3+2 osoby)<\/small><\/td><td style=\"padding: 0.625rem 1.25rem; border-bottom-width: 3px; border-color: #dbd4d5; vertical-align: middle; line-height: 1.5;\">90 \u2013 120 \u20ac<\/td><td style=\"padding: 0.625rem 1.25rem; border-bottom-width: 3px; border-color: #dbd4d5; vertical-align: middle; line-height: 1.5;\">90 &#8211; 120 \u20ac<\/td><td style=\"padding: 0.625rem 1.25rem; border-bottom-width: 3px; border-color: #dbd4d5; vertical-align: middle; line-height: 1.5;\">80 \u2013 100 \u20ac<\/td><\/tr><\/thead><\/table><table style=\"border-spacing: 0px; padding: 0px; border: none; font-size: 0.875rem; vertical-align: baseline; table-layout: fixed; color: #2c1f1f; font-family: Ubuntu, sans-serif; height: 105px;\" width=\"617\"><thead style=\"margin: 0px; padding: 0px; border: 0px; font-size: 13.125px; vertical-align: baseline;\"><tr style=\"margin: 0px; padding: 0px; border: 0px; vertical-align: baseline;\"><td style=\"padding: 0.625rem 1.25rem; border-bottom-width: 3px; border-color: #dbd4d5; vertical-align: middle; line-height: 1.5;\">Apartm\u00e1n 6<br \/><small style=\"font-size: 11.1563px; margin: 0px; padding: 0px; border: 0px; vertical-align: baseline;\">(3+2 osoby)<\/small><\/td><td style=\"padding: 0.625rem 1.25rem; border-bottom-width: 3px; border-color: #dbd4d5; vertical-align: middle; line-height: 1.5;\">90 \u2013 120 \u20ac<\/td><td style=\"padding: 0.625rem 1.25rem; border-bottom-width: 3px; border-color: #dbd4d5; vertical-align: middle; line-height: 1.5;\">90 \u2013 120 \u20ac<\/td><td style=\"padding: 0.625rem 1.25rem; border-bottom-width: 3px; border-color: #dbd4d5; vertical-align: middle; line-height: 1.5;\">80 \u2013 100 \u20ac<\/td><\/tr><\/thead><\/table><table style=\"border-spacing: 0px; padding: 0px; border: none; font-size: 0.875rem; vertical-align: baseline; table-layout: fixed; color: #2c1f1f; font-family: Ubuntu, sans-serif; height: 174px;\" width=\"601\"><thead style=\"margin: 0px; padding: 0px; border: 0px; font-size: 13.125px; vertical-align: baseline;\"><tr style=\"margin: 0px; padding: 0px; border: 0px; vertical-align: baseline;\"><td style=\"padding: 0.625rem 1.25rem; border-bottom-width: 3px; border-color: #dbd4d5; vertical-align: middle; line-height: 1.5;\"><table style=\"border-spacing: 0px; border: none; font-size: 0.875rem; vertical-align: baseline; table-layout: fixed; height: 108px;\" width=\"553\"><thead style=\"border: 0px; font-size: 13.125px; vertical-align: baseline;\"><tr style=\"border: 0px; vertical-align: baseline;\"><td style=\"padding: 0.625rem 1.25rem; border-bottom-width: 3px; border-color: #dbd4d5; vertical-align: middle; line-height: 1.5;\">Ubytovanie mimo sez\u00f3ny min. 2 osoby<\/td><td style=\"padding: 0.625rem 1.25rem; border-bottom-width: 3px; border-color: #dbd4d5; vertical-align: middle; line-height: 1.5;\">2 noci<\/td><td style=\"padding: 0.625rem 1.25rem; border-bottom-width: 3px; border-color: #dbd4d5; vertical-align: middle; line-height: 1.5;\"><h6><span style=\"color: #000000;\">+ 2 hod. wellness gr\u00e1tis<\/span><\/h6><\/td><td style=\"padding: 0.625rem 1.25rem; border-bottom-width: 3px; border-color: #dbd4d5; vertical-align: middle; line-height: 1.5;\">\u00a0 \u00a0 \u00a0 \u00a0 \u00a0 \u00a070\u20ac<\/td><\/tr><\/thead><\/table><p><small style=\"margin: 0px; padding: 0px; border: 0px; vertical-align: baseline; font-size: 13.125px;\">Spolo\u010densk\u00e1 miestnos\u0165<br \/><\/small><small style=\"font-size: 11.1563px; margin: 0px; padding: 0px; border: 0px; vertical-align: baseline;\">(max 20 \u013eud\u00ed)<br \/><\/small><\/p><\/td><td style=\"padding: 0.625rem 1.25rem; border-bottom-width: 3px; border-color: #dbd4d5; vertical-align: middle; line-height: 1.5;\">\u00a0<\/td><td style=\"padding: 0.625rem 1.25rem; border-bottom-width: 3px; border-color: #dbd4d5; vertical-align: middle; line-height: 1.5;\">\u00a0<\/td><td style=\"padding: 0.625rem 1.25rem; border-bottom-width: 3px; border-color: #dbd4d5; vertical-align: middle; line-height: 1.5;\">\u00a0<\/td><\/tr><\/thead><\/table><p><span style=\"color: #2c1f1f; font-family: Ubuntu, sans-serif; font-size: 15px;\">* \u00a0\u00a0\u00a0 \u00a0Spolo\u010densk\u00e1 miestnos\u0165 po dohode s majite\u013eom<\/span><\/p><p><span style=\"color: #2c1f1f; font-family: Ubuntu, sans-serif; font-size: 15px;\">* \u00a0\u00a0\u00a0 \u00a0V zimnej sez\u00f3ne od 22.12 \u2013 do 02.01 pre Viano\u010dn\u00e9 a Silvestrovsk\u00e9 pobyty platia osobitn\u00e9 ceny.<\/span><\/p><h2><span style=\"font-size: 3rem;\"><br \/>Cenn\u00edk slu\u017eieb<\/span><\/h2><table><tbody><tr><th scope=\"row\">Pri t\u00fd\u017ed\u0148ovom pobyte, wellness na 2hod. Gr\u00e1tis + mo\u017enos\u0165 prenaja\u0165 cel\u00fd objekt<br \/><span style=\"font-weight: 400;\"><br \/><\/span><table style=\"font-weight: 400;\"><tbody><tr><th scope=\"row\"><span style=\"font-weight: normal;\">Miestny poplatok\u00a0<small>(Rekrea\u010dn\u00fd poplatok)<\/small><\/span><\/th><td>1 \u20ac \/ osoba od 12 rokov<\/td><\/tr><tr><th scope=\"row\">Pr\u00edstelka<\/th><td>50%\u00a0\/ osoba do 12 rokov<\/td><\/tr><tr><th scope=\"row\">Detsk\u00e1 postie\u013eka<\/th><td>Gr\u00e1tis<\/td><\/tr><tr><th scope=\"row\">Mas\u00e1\u017ee a proced\u00fary<br \/>Alt\u00e1nok s grilom<br \/>Wellness 2 hod.<br \/>K\u00fapacia ka\u010fa 4-6 os\u00f4b<\/th><td>Na objedn\u00e1vku<br \/>Po dohode s majite\u013eom<br \/>12\u20ac \/ 1 osoba<br \/>100\u20ac s drevom<\/td><\/tr><\/tbody><\/table><\/th><td>\u00a0<\/td><\/tr><\/tbody><\/table>\t\t\t\t\t<\/div>\n\t\t\t\t\t\t<\/div>\n\t\t\t\t<\/div>\n\t\t\t\t\t\t<\/div>\n\t\t\t\t\t<\/div>\n\t\t<\/div>\n\t\t\t\t\t\t\t\t<\/div>\n\t\t\t\t\t<\/div>\n\t\t<\/section>\n\t\t\t\t\t\t\t\t\t<\/div>\n\t\t\t<\/div>\n\t\t\t\t\t<\/div>\n\t\t","protected":false},"excerpt":{"rendered":"<p>Cena za ubytovanie je flexibiln\u00e1 a z\u00e1vis\u00ed od: term\u00ednu v\u00e1\u0161ho pobytu\u00a0(sez\u00f3ny), po\u010dtu noc\u00ed\u00a0(d\u013a\u017eky pobytu), po\u010dtu os\u00f4b\u00a0pr\u00edpadne\u00a0veku det\u00ed Apartm\u00e1ny Apartm\u00e1ny Zimn\u00e1 sez\u00f3na*od 15.12 \u2013 do 31.03 Letn\u00e1 sez\u00f3naod 15.06 \u2013 2.09 Mimosez\u00f3na Apartm\u00e1n 1 &#8211; min.3 noci(3+2 osoby) 90 \u2013 120 \u20ac 90 \u2013 120 \u20ac 80 \u2013 100 \u20ac Apartm\u00e1n 2(3+2 osoby) 90 \u2013 120 [&hellip;]<\/p>\n","protected":false},"author":2,"featured_media":0,"parent":0,"menu_order":0,"comment_status":"closed","ping_status":"closed","template":"elementor_header_footer","meta":{"_monsterinsights_skip_tracking":false,"_monsterinsights_sitenote_active":false,"_monsterinsights_sitenote_note":"","_monsterinsights_sitenote_category":0},"yoast_head":"<!-- This site is optimized with the Yoast SEO plugin v18.4.1 - https:\/\/yoast.com\/wordpress\/plugins\/seo\/ -->\n<title>Cenn\u00edk -<\/title>\n<meta name=\"robots\" content=\"index, follow, max-snippet:-1, max-image-preview:large, max-video-preview:-1\" \/>\n<link rel=\"canonical\" href=\"http:\/\/apartmanyjama.sk\/?page_id=20\" \/>\n<meta property=\"og:locale\" content=\"sk_SK\" \/>\n<meta property=\"og:type\" content=\"article\" \/>\n<meta property=\"og:title\" content=\"Cenn\u00edk -\" \/>\n<meta property=\"og:description\" content=\"Cena za ubytovanie je flexibiln\u00e1 a z\u00e1vis\u00ed od: term\u00ednu v\u00e1\u0161ho pobytu\u00a0(sez\u00f3ny), po\u010dtu noc\u00ed\u00a0(d\u013a\u017eky pobytu), po\u010dtu os\u00f4b\u00a0pr\u00edpadne\u00a0veku det\u00ed Apartm\u00e1ny Apartm\u00e1ny Zimn\u00e1 sez\u00f3na*od 15.12 \u2013 do 31.03 Letn\u00e1 sez\u00f3naod 15.06 \u2013 2.09 Mimosez\u00f3na Apartm\u00e1n 1 &#8211; min.3 noci(3+2 osoby) 90 \u2013 120 \u20ac 90 \u2013 120 \u20ac 80 \u2013 100 \u20ac Apartm\u00e1n 2(3+2 osoby) 90 \u2013 120 [&hellip;]\" \/>\n<meta property=\"og:url\" content=\"http:\/\/apartmanyjama.sk\/?page_id=20\" \/>\n<meta property=\"article:modified_time\" content=\"2022-02-18T09:16:50+00:00\" \/>\n<meta name=\"twitter:card\" content=\"summary_large_image\" \/>\n<meta name=\"twitter:label1\" content=\"Predpokladan\u00fd \u010das \u010d\u00edtania\" \/>\n\t<meta name=\"twitter:data1\" content=\"2 min\u00faty\" \/>\n<script type=\"application\/ld+json\" class=\"yoast-schema-graph\">{\"@context\":\"https:\/\/schema.org\",\"@graph\":[{\"@type\":\"WebSite\",\"@id\":\"https:\/\/apartmanyjama.sk\/#website\",\"url\":\"https:\/\/apartmanyjama.sk\/\",\"name\":\"\",\"description\":\"\",\"potentialAction\":[{\"@type\":\"SearchAction\",\"target\":{\"@type\":\"EntryPoint\",\"urlTemplate\":\"https:\/\/apartmanyjama.sk\/?s={search_term_string}\"},\"query-input\":\"required name=search_term_string\"}],\"inLanguage\":\"sk-SK\"},{\"@type\":\"WebPage\",\"@id\":\"http:\/\/apartmanyjama.sk\/?page_id=20#webpage\",\"url\":\"http:\/\/apartmanyjama.sk\/?page_id=20\",\"name\":\"Cenn\u00edk -\",\"isPartOf\":{\"@id\":\"https:\/\/apartmanyjama.sk\/#website\"},\"datePublished\":\"2020-05-24T12:07:32+00:00\",\"dateModified\":\"2022-02-18T09:16:50+00:00\",\"breadcrumb\":{\"@id\":\"http:\/\/apartmanyjama.sk\/?page_id=20#breadcrumb\"},\"inLanguage\":\"sk-SK\",\"potentialAction\":[{\"@type\":\"ReadAction\",\"target\":[\"http:\/\/apartmanyjama.sk\/?page_id=20\"]}]},{\"@type\":\"BreadcrumbList\",\"@id\":\"http:\/\/apartmanyjama.sk\/?page_id=20#breadcrumb\",\"itemListElement\":[{\"@type\":\"ListItem\",\"position\":1,\"name\":\"Home\",\"item\":\"http:\/\/apartmanyjama.sk\/\"},{\"@type\":\"ListItem\",\"position\":2,\"name\":\"Cenn\u00edk\"}]}]}<\/script>\n<!-- \/ Yoast SEO plugin. -->","yoast_head_json":{"title":"Cenn\u00edk -","robots":{"index":"index","follow":"follow","max-snippet":"max-snippet:-1","max-image-preview":"max-image-preview:large","max-video-preview":"max-video-preview:-1"},"canonical":"http:\/\/apartmanyjama.sk\/?page_id=20","og_locale":"sk_SK","og_type":"article","og_title":"Cenn\u00edk -","og_description":"Cena za ubytovanie je flexibiln\u00e1 a z\u00e1vis\u00ed od: term\u00ednu v\u00e1\u0161ho pobytu\u00a0(sez\u00f3ny), po\u010dtu noc\u00ed\u00a0(d\u013a\u017eky pobytu), po\u010dtu os\u00f4b\u00a0pr\u00edpadne\u00a0veku det\u00ed Apartm\u00e1ny Apartm\u00e1ny Zimn\u00e1 sez\u00f3na*od 15.12 \u2013 do 31.03 Letn\u00e1 sez\u00f3naod 15.06 \u2013 2.09 Mimosez\u00f3na Apartm\u00e1n 1 &#8211; min.3 noci(3+2 osoby) 90 \u2013 120 \u20ac 90 \u2013 120 \u20ac 80 \u2013 100 \u20ac Apartm\u00e1n 2(3+2 osoby) 90 \u2013 120 [&hellip;]","og_url":"http:\/\/apartmanyjama.sk\/?page_id=20","article_modified_time":"2022-02-18T09:16:50+00:00","twitter_card":"summary_large_image","twitter_misc":{"Predpokladan\u00fd \u010das \u010d\u00edtania":"2 min\u00faty"},"schema":{"@context":"https:\/\/schema.org","@graph":[{"@type":"WebSite","@id":"https:\/\/apartmanyjama.sk\/#website","url":"https:\/\/apartmanyjama.sk\/","name":"","description":"","potentialAction":[{"@type":"SearchAction","target":{"@type":"EntryPoint","urlTemplate":"https:\/\/apartmanyjama.sk\/?s={search_term_string}"},"query-input":"required name=search_term_string"}],"inLanguage":"sk-SK"},{"@type":"WebPage","@id":"http:\/\/apartmanyjama.sk\/?page_id=20#webpage","url":"http:\/\/apartmanyjama.sk\/?page_id=20","name":"Cenn\u00edk -","isPartOf":{"@id":"https:\/\/apartmanyjama.sk\/#website"},"datePublished":"2020-05-24T12:07:32+00:00","dateModified":"2022-02-18T09:16:50+00:00","breadcrumb":{"@id":"http:\/\/apartmanyjama.sk\/?page_id=20#breadcrumb"},"inLanguage":"sk-SK","potentialAction":[{"@type":"ReadAction","target":["http:\/\/apartmanyjama.sk\/?page_id=20"]}]},{"@type":"BreadcrumbList","@id":"http:\/\/apartmanyjama.sk\/?page_id=20#breadcrumb","itemListElement":[{"@type":"ListItem","position":1,"name":"Home","item":"http:\/\/apartmanyjama.sk\/"},{"@type":"ListItem","position":2,"name":"Cenn\u00edk"}]}]}},"_links":{"self":[{"href":"https:\/\/apartmanyjama.sk\/index.php?rest_route=\/wp\/v2\/pages\/20"}],"collection":[{"href":"https:\/\/apartmanyjama.sk\/index.php?rest_route=\/wp\/v2\/pages"}],"about":[{"href":"https:\/\/apartmanyjama.sk\/index.php?rest_route=\/wp\/v2\/types\/page"}],"author":[{"embeddable":true,"href":"https:\/\/apartmanyjama.sk\/index.php?rest_route=\/wp\/v2\/users\/2"}],"replies":[{"embeddable":true,"href":"https:\/\/apartmanyjama.sk\/index.php?rest_route=%2Fwp%2Fv2%2Fcomments&post=20"}],"version-history":[{"count":6,"href":"https:\/\/apartmanyjama.sk\/index.php?rest_route=\/wp\/v2\/pages\/20\/revisions"}],"predecessor-version":[{"id":1717,"href":"https:\/\/apartmanyjama.sk\/index.php?rest_route=\/wp\/v2\/pages\/20\/revisions\/1717"}],"wp:attachment":[{"href":"https:\/\/apartmanyjama.sk\/index.php?rest_route=%2Fwp%2Fv2%2Fmedia&parent=20"}],"curies":[{"name":"wp","href":"https:\/\/api.w.org\/{rel}","templated":true}]}}