{"id":1613,"date":"2021-11-04T15:23:59","date_gmt":"2021-11-04T14:23:59","guid":{"rendered":"http:\/\/apartmanyjama.sk\/?page_id=1613"},"modified":"2021-11-04T15:26:54","modified_gmt":"2021-11-04T14:26:54","slug":"kupacia-kada","status":"publish","type":"page","link":"https:\/\/apartmanyjama.sk\/?page_id=1613","title":{"rendered":"K\u00fapacia ka\u010fa"},"content":{"rendered":"\t\t<div data-elementor-type=\"wp-page\" data-elementor-id=\"1613\" class=\"elementor elementor-1613\">\n\t\t\t\t\t\t<div class=\"elementor-inner\">\n\t\t\t\t<div class=\"elementor-section-wrap\">\n\t\t\t\t\t\t\t\t\t<section class=\"elementor-section elementor-top-section elementor-element elementor-element-5c61552 elementor-section-boxed elementor-section-height-default elementor-section-height-default\" data-id=\"5c61552\" data-element_type=\"section\">\n\t\t\t\t\t\t<div class=\"elementor-container elementor-column-gap-default\">\n\t\t\t\t\t\t\t<div class=\"elementor-row\">\n\t\t\t\t\t<div class=\"elementor-column elementor-col-100 elementor-top-column elementor-element elementor-element-390cf3e\" data-id=\"390cf3e\" data-element_type=\"column\">\n\t\t\t<div class=\"elementor-column-wrap elementor-element-populated\">\n\t\t\t\t\t\t\t<div class=\"elementor-widget-wrap\">\n\t\t\t\t\t\t<div class=\"elementor-element elementor-element-d984c57 elementor-widget elementor-widget-image\" data-id=\"d984c57\" data-element_type=\"widget\" data-widget_type=\"image.default\">\n\t\t\t\t<div class=\"elementor-widget-container\">\n\t\t\t\t\t\t\t\t<div class=\"elementor-image\">\n\t\t\t\t\t\t\t\t\t\t\t\t<img width=\"640\" height=\"480\" src=\"https:\/\/apartmanyjama.sk\/wp-content\/uploads\/2021\/11\/image0.jpeg\" class=\"attachment-large size-large wp-image-1604\" alt=\"\" loading=\"lazy\" srcset=\"https:\/\/apartmanyjama.sk\/wp-content\/uploads\/2021\/11\/image0.jpeg 640w, https:\/\/apartmanyjama.sk\/wp-content\/uploads\/2021\/11\/image0-300x225.jpeg 300w\" sizes=\"(max-width: 640px) 100vw, 640px\" \/>\t\t\t\t\t\t\t\t\t\t\t\t\t\t<\/div>\n\t\t\t\t\t\t<\/div>\n\t\t\t\t<\/div>\n\t\t\t\t\t\t<\/div>\n\t\t\t\t\t<\/div>\n\t\t<\/div>\n\t\t\t\t\t\t\t\t<\/div>\n\t\t\t\t\t<\/div>\n\t\t<\/section>\n\t\t\t\t<section class=\"elementor-section elementor-top-section elementor-element elementor-element-62f3736 elementor-section-boxed elementor-section-height-default elementor-section-height-default\" data-id=\"62f3736\" data-element_type=\"section\">\n\t\t\t\t\t\t<div class=\"elementor-container elementor-column-gap-default\">\n\t\t\t\t\t\t\t<div class=\"elementor-row\">\n\t\t\t\t\t<div class=\"elementor-column elementor-col-100 elementor-top-column elementor-element elementor-element-d0b4a86\" data-id=\"d0b4a86\" data-element_type=\"column\">\n\t\t\t<div class=\"elementor-column-wrap elementor-element-populated\">\n\t\t\t\t\t\t\t<div class=\"elementor-widget-wrap\">\n\t\t\t\t\t\t<div class=\"elementor-element elementor-element-0a52f77 elementor-widget elementor-widget-image\" data-id=\"0a52f77\" data-element_type=\"widget\" data-widget_type=\"image.default\">\n\t\t\t\t<div class=\"elementor-widget-container\">\n\t\t\t\t\t\t\t\t<div class=\"elementor-image\">\n\t\t\t\t\t\t\t\t\t\t\t\t<img width=\"640\" height=\"480\" src=\"https:\/\/apartmanyjama.sk\/wp-content\/uploads\/2021\/11\/image1.jpeg\" class=\"attachment-large size-large wp-image-1605\" alt=\"\" loading=\"lazy\" srcset=\"https:\/\/apartmanyjama.sk\/wp-content\/uploads\/2021\/11\/image1.jpeg 640w, https:\/\/apartmanyjama.sk\/wp-content\/uploads\/2021\/11\/image1-300x225.jpeg 300w\" sizes=\"(max-width: 640px) 100vw, 640px\" \/>\t\t\t\t\t\t\t\t\t\t\t\t\t\t<\/div>\n\t\t\t\t\t\t<\/div>\n\t\t\t\t<\/div>\n\t\t\t\t\t\t<\/div>\n\t\t\t\t\t<\/div>\n\t\t<\/div>\n\t\t\t\t\t\t\t\t<\/div>\n\t\t\t\t\t<\/div>\n\t\t<\/section>\n\t\t\t\t\t\t\t\t\t<\/div>\n\t\t\t<\/div>\n\t\t\t\t\t<\/div>\n\t\t","protected":false},"excerpt":{"rendered":"","protected":false},"author":2,"featured_media":0,"parent":0,"menu_order":0,"comment_status":"closed","ping_status":"closed","template":"","meta":{"_monsterinsights_skip_tracking":false,"_monsterinsights_sitenote_active":false,"_monsterinsights_sitenote_note":"","_monsterinsights_sitenote_category":0},"yoast_head":"<!-- This site is optimized with the Yoast SEO plugin v18.4.1 - https:\/\/yoast.com\/wordpress\/plugins\/seo\/ -->\n<title>K\u00fapacia ka\u010fa -<\/title>\n<meta name=\"robots\" content=\"index, follow, max-snippet:-1, max-image-preview:large, max-video-preview:-1\" \/>\n<link rel=\"canonical\" href=\"https:\/\/apartmanyjama.sk\/?page_id=1613\" \/>\n<meta property=\"og:locale\" content=\"sk_SK\" \/>\n<meta property=\"og:type\" content=\"article\" \/>\n<meta property=\"og:title\" content=\"K\u00fapacia ka\u010fa -\" \/>\n<meta property=\"og:url\" content=\"https:\/\/apartmanyjama.sk\/?page_id=1613\" \/>\n<meta property=\"article:modified_time\" content=\"2021-11-04T14:26:54+00:00\" \/>\n<meta property=\"og:image\" content=\"http:\/\/apartmanyjama.sk\/wp-content\/uploads\/2021\/11\/image0.jpeg\" \/>\n<meta name=\"twitter:card\" content=\"summary_large_image\" \/>\n<meta name=\"twitter:label1\" content=\"Predpokladan\u00fd \u010das \u010d\u00edtania\" \/>\n\t<meta name=\"twitter:data1\" content=\"1 min\u00fata\" \/>\n<script type=\"application\/ld+json\" class=\"yoast-schema-graph\">{\"@context\":\"https:\/\/schema.org\",\"@graph\":[{\"@type\":\"WebSite\",\"@id\":\"https:\/\/apartmanyjama.sk\/#website\",\"url\":\"https:\/\/apartmanyjama.sk\/\",\"name\":\"\",\"description\":\"\",\"potentialAction\":[{\"@type\":\"SearchAction\",\"target\":{\"@type\":\"EntryPoint\",\"urlTemplate\":\"https:\/\/apartmanyjama.sk\/?s={search_term_string}\"},\"query-input\":\"required name=search_term_string\"}],\"inLanguage\":\"sk-SK\"},{\"@type\":\"ImageObject\",\"@id\":\"https:\/\/apartmanyjama.sk\/?page_id=1613#primaryimage\",\"inLanguage\":\"sk-SK\",\"url\":\"https:\/\/apartmanyjama.sk\/wp-content\/uploads\/2021\/11\/image0.jpeg\",\"contentUrl\":\"https:\/\/apartmanyjama.sk\/wp-content\/uploads\/2021\/11\/image0.jpeg\",\"width\":640,\"height\":480},{\"@type\":\"WebPage\",\"@id\":\"https:\/\/apartmanyjama.sk\/?page_id=1613#webpage\",\"url\":\"https:\/\/apartmanyjama.sk\/?page_id=1613\",\"name\":\"K\u00fapacia ka\u010fa -\",\"isPartOf\":{\"@id\":\"https:\/\/apartmanyjama.sk\/#website\"},\"primaryImageOfPage\":{\"@id\":\"https:\/\/apartmanyjama.sk\/?page_id=1613#primaryimage\"},\"datePublished\":\"2021-11-04T14:23:59+00:00\",\"dateModified\":\"2021-11-04T14:26:54+00:00\",\"breadcrumb\":{\"@id\":\"https:\/\/apartmanyjama.sk\/?page_id=1613#breadcrumb\"},\"inLanguage\":\"sk-SK\",\"potentialAction\":[{\"@type\":\"ReadAction\",\"target\":[\"https:\/\/apartmanyjama.sk\/?page_id=1613\"]}]},{\"@type\":\"BreadcrumbList\",\"@id\":\"https:\/\/apartmanyjama.sk\/?page_id=1613#breadcrumb\",\"itemListElement\":[{\"@type\":\"ListItem\",\"position\":1,\"name\":\"Home\",\"item\":\"http:\/\/apartmanyjama.sk\/\"},{\"@type\":\"ListItem\",\"position\":2,\"name\":\"K\u00fapacia ka\u010fa\"}]}]}<\/script>\n<!-- \/ Yoast SEO plugin. -->","yoast_head_json":{"title":"K\u00fapacia ka\u010fa -","robots":{"index":"index","follow":"follow","max-snippet":"max-snippet:-1","max-image-preview":"max-image-preview:large","max-video-preview":"max-video-preview:-1"},"canonical":"https:\/\/apartmanyjama.sk\/?page_id=1613","og_locale":"sk_SK","og_type":"article","og_title":"K\u00fapacia ka\u010fa -","og_url":"https:\/\/apartmanyjama.sk\/?page_id=1613","article_modified_time":"2021-11-04T14:26:54+00:00","og_image":[{"url":"http:\/\/apartmanyjama.sk\/wp-content\/uploads\/2021\/11\/image0.jpeg"}],"twitter_card":"summary_large_image","twitter_misc":{"Predpokladan\u00fd \u010das \u010d\u00edtania":"1 min\u00fata"},"schema":{"@context":"https:\/\/schema.org","@graph":[{"@type":"WebSite","@id":"https:\/\/apartmanyjama.sk\/#website","url":"https:\/\/apartmanyjama.sk\/","name":"","description":"","potentialAction":[{"@type":"SearchAction","target":{"@type":"EntryPoint","urlTemplate":"https:\/\/apartmanyjama.sk\/?s={search_term_string}"},"query-input":"required name=search_term_string"}],"inLanguage":"sk-SK"},{"@type":"ImageObject","@id":"https:\/\/apartmanyjama.sk\/?page_id=1613#primaryimage","inLanguage":"sk-SK","url":"https:\/\/apartmanyjama.sk\/wp-content\/uploads\/2021\/11\/image0.jpeg","contentUrl":"https:\/\/apartmanyjama.sk\/wp-content\/uploads\/2021\/11\/image0.jpeg","width":640,"height":480},{"@type":"WebPage","@id":"https:\/\/apartmanyjama.sk\/?page_id=1613#webpage","url":"https:\/\/apartmanyjama.sk\/?page_id=1613","name":"K\u00fapacia ka\u010fa -","isPartOf":{"@id":"https:\/\/apartmanyjama.sk\/#website"},"primaryImageOfPage":{"@id":"https:\/\/apartmanyjama.sk\/?page_id=1613#primaryimage"},"datePublished":"2021-11-04T14:23:59+00:00","dateModified":"2021-11-04T14:26:54+00:00","breadcrumb":{"@id":"https:\/\/apartmanyjama.sk\/?page_id=1613#breadcrumb"},"inLanguage":"sk-SK","potentialAction":[{"@type":"ReadAction","target":["https:\/\/apartmanyjama.sk\/?page_id=1613"]}]},{"@type":"BreadcrumbList","@id":"https:\/\/apartmanyjama.sk\/?page_id=1613#breadcrumb","itemListElement":[{"@type":"ListItem","position":1,"name":"Home","item":"http:\/\/apartmanyjama.sk\/"},{"@type":"ListItem","position":2,"name":"K\u00fapacia ka\u010fa"}]}]}},"_links":{"self":[{"href":"https:\/\/apartmanyjama.sk\/index.php?rest_route=\/wp\/v2\/pages\/1613"}],"collection":[{"href":"https:\/\/apartmanyjama.sk\/index.php?rest_route=\/wp\/v2\/pages"}],"about":[{"href":"https:\/\/apartmanyjama.sk\/index.php?rest_route=\/wp\/v2\/types\/page"}],"author":[{"embeddable":true,"href":"https:\/\/apartmanyjama.sk\/index.php?rest_route=\/wp\/v2\/users\/2"}],"replies":[{"embeddable":true,"href":"https:\/\/apartmanyjama.sk\/index.php?rest_route=%2Fwp%2Fv2%2Fcomments&post=1613"}],"version-history":[{"count":6,"href":"https:\/\/apartmanyjama.sk\/index.php?rest_route=\/wp\/v2\/pages\/1613\/revisions"}],"predecessor-version":[{"id":1621,"href":"https:\/\/apartmanyjama.sk\/index.php?rest_route=\/wp\/v2\/pages\/1613\/revisions\/1621"}],"wp:attachment":[{"href":"https:\/\/apartmanyjama.sk\/index.php?rest_route=%2Fwp%2Fv2%2Fmedia&parent=1613"}],"curies":[{"name":"wp","href":"https:\/\/api.w.org\/{rel}","templated":true}]}}