{"id":1557,"date":"2020-11-25T07:28:40","date_gmt":"2020-11-25T06:28:40","guid":{"rendered":"http:\/\/apartmanyjama.sk\/?page_id=1557"},"modified":"2020-11-25T07:55:27","modified_gmt":"2020-11-25T06:55:27","slug":"zlavove-kupony","status":"publish","type":"page","link":"https:\/\/apartmanyjama.sk\/?page_id=1557","title":{"rendered":"Z\u013eavov\u00e9 kup\u00f3ny"},"content":{"rendered":"\t\t<div data-elementor-type=\"wp-page\" data-elementor-id=\"1557\" class=\"elementor elementor-1557\">\n\t\t\t\t\t\t<div class=\"elementor-inner\">\n\t\t\t\t<div class=\"elementor-section-wrap\">\n\t\t\t\t\t\t\t\t\t<section class=\"elementor-section elementor-top-section elementor-element elementor-element-ab43604 elementor-section-boxed elementor-section-height-default elementor-section-height-default\" data-id=\"ab43604\" data-element_type=\"section\">\n\t\t\t\t\t\t<div class=\"elementor-container elementor-column-gap-default\">\n\t\t\t\t\t\t\t<div class=\"elementor-row\">\n\t\t\t\t\t<div class=\"elementor-column elementor-col-25 elementor-top-column elementor-element elementor-element-c34ee77\" data-id=\"c34ee77\" data-element_type=\"column\">\n\t\t\t<div class=\"elementor-column-wrap\">\n\t\t\t\t\t\t\t<div class=\"elementor-widget-wrap\">\n\t\t\t\t\t\t\t\t<\/div>\n\t\t\t\t\t<\/div>\n\t\t<\/div>\n\t\t\t\t<div class=\"elementor-column elementor-col-25 elementor-top-column elementor-element elementor-element-af448b8\" data-id=\"af448b8\" data-element_type=\"column\">\n\t\t\t<div class=\"elementor-column-wrap elementor-element-populated\">\n\t\t\t\t\t\t\t<div class=\"elementor-widget-wrap\">\n\t\t\t\t\t\t<div class=\"elementor-element elementor-element-ee3605e elementor-button-info elementor-align-center elementor-widget elementor-widget-button\" data-id=\"ee3605e\" data-element_type=\"widget\" data-widget_type=\"button.default\">\n\t\t\t\t<div class=\"elementor-widget-container\">\n\t\t\t\t\t<div class=\"elementor-button-wrapper\">\n\t\t\t<a href=\"http:\/\/apartmanyjama.sk\/wp-content\/uploads\/2020\/11\/Zlavy-ZCR-Pavcina-Lehota.pdf\" class=\"elementor-button-link elementor-button elementor-size-md\" role=\"button\">\n\t\t\t\t\t\t<span class=\"elementor-button-content-wrapper\">\n\t\t\t\t\t\t\t<span class=\"elementor-button-icon elementor-align-icon-left\">\n\t\t\t\t<i aria-hidden=\"true\" class=\"far fa-file-pdf\"><\/i>\t\t\t<\/span>\n\t\t\t\t\t\t<span class=\"elementor-button-text\">Z\u013eavy ZCR Pav\u010dina Lehota<\/span>\n\t\t<\/span>\n\t\t\t\t\t<\/a>\n\t\t<\/div>\n\t\t\t\t<\/div>\n\t\t\t\t<\/div>\n\t\t\t\t\t\t<\/div>\n\t\t\t\t\t<\/div>\n\t\t<\/div>\n\t\t\t\t<div class=\"elementor-column elementor-col-25 elementor-top-column elementor-element elementor-element-bc3fe1a\" data-id=\"bc3fe1a\" data-element_type=\"column\">\n\t\t\t<div class=\"elementor-column-wrap elementor-element-populated\">\n\t\t\t\t\t\t\t<div class=\"elementor-widget-wrap\">\n\t\t\t\t\t\t<div class=\"elementor-element elementor-element-2aa5b8c elementor-button-info elementor-align-center elementor-widget elementor-widget-button\" data-id=\"2aa5b8c\" data-element_type=\"widget\" data-widget_type=\"button.default\">\n\t\t\t\t<div class=\"elementor-widget-container\">\n\t\t\t\t\t<div class=\"elementor-button-wrapper\">\n\t\t\t<a href=\"http:\/\/apartmanyjama.sk\/wp-content\/uploads\/2020\/11\/ZLAVOVA_KARTICKA_ZCR.pdf\" class=\"elementor-button-link elementor-button elementor-size-md\" role=\"button\">\n\t\t\t\t\t\t<span class=\"elementor-button-content-wrapper\">\n\t\t\t\t\t\t\t<span class=\"elementor-button-icon elementor-align-icon-left\">\n\t\t\t\t<i aria-hidden=\"true\" class=\"far fa-file-pdf\"><\/i>\t\t\t<\/span>\n\t\t\t\t\t\t<span class=\"elementor-button-text\">Z\u013eavov\u00e1 karti\u010dka_ZCR<\/span>\n\t\t<\/span>\n\t\t\t\t\t<\/a>\n\t\t<\/div>\n\t\t\t\t<\/div>\n\t\t\t\t<\/div>\n\t\t\t\t\t\t<\/div>\n\t\t\t\t\t<\/div>\n\t\t<\/div>\n\t\t\t\t<div class=\"elementor-column elementor-col-25 elementor-top-column elementor-element elementor-element-a044336\" data-id=\"a044336\" data-element_type=\"column\">\n\t\t\t<div class=\"elementor-column-wrap\">\n\t\t\t\t\t\t\t<div class=\"elementor-widget-wrap\">\n\t\t\t\t\t\t\t\t<\/div>\n\t\t\t\t\t<\/div>\n\t\t<\/div>\n\t\t\t\t\t\t\t\t<\/div>\n\t\t\t\t\t<\/div>\n\t\t<\/section>\n\t\t\t\t<section class=\"elementor-section elementor-top-section elementor-element elementor-element-5930751 elementor-section-boxed elementor-section-height-default elementor-section-height-default\" data-id=\"5930751\" data-element_type=\"section\">\n\t\t\t\t\t\t<div class=\"elementor-container elementor-column-gap-default\">\n\t\t\t\t\t\t\t<div class=\"elementor-row\">\n\t\t\t\t\t<div class=\"elementor-column elementor-col-100 elementor-top-column elementor-element elementor-element-35e28f8\" data-id=\"35e28f8\" data-element_type=\"column\">\n\t\t\t<div class=\"elementor-column-wrap elementor-element-populated\">\n\t\t\t\t\t\t\t<div class=\"elementor-widget-wrap\">\n\t\t\t\t\t\t<div class=\"elementor-element elementor-element-df7ce76 elementor-widget elementor-widget-image\" data-id=\"df7ce76\" data-element_type=\"widget\" data-widget_type=\"image.default\">\n\t\t\t\t<div class=\"elementor-widget-container\">\n\t\t\t\t\t\t\t\t<div class=\"elementor-image\">\n\t\t\t\t\t\t\t\t\t\t\t\t<img width=\"729\" height=\"176\" src=\"https:\/\/apartmanyjama.sk\/wp-content\/uploads\/2020\/11\/Zlavy.jpg\" class=\"attachment-large size-large wp-image-1572\" alt=\"\" loading=\"lazy\" srcset=\"https:\/\/apartmanyjama.sk\/wp-content\/uploads\/2020\/11\/Zlavy.jpg 729w, https:\/\/apartmanyjama.sk\/wp-content\/uploads\/2020\/11\/Zlavy-300x72.jpg 300w\" sizes=\"(max-width: 729px) 100vw, 729px\" \/>\t\t\t\t\t\t\t\t\t\t\t\t\t\t<\/div>\n\t\t\t\t\t\t<\/div>\n\t\t\t\t<\/div>\n\t\t\t\t\t\t<\/div>\n\t\t\t\t\t<\/div>\n\t\t<\/div>\n\t\t\t\t\t\t\t\t<\/div>\n\t\t\t\t\t<\/div>\n\t\t<\/section>\n\t\t\t\t<section class=\"elementor-section elementor-top-section elementor-element elementor-element-b96918d elementor-section-boxed elementor-section-height-default elementor-section-height-default\" data-id=\"b96918d\" data-element_type=\"section\">\n\t\t\t\t\t\t<div class=\"elementor-container elementor-column-gap-default\">\n\t\t\t\t\t\t\t<div class=\"elementor-row\">\n\t\t\t\t\t<div class=\"elementor-column elementor-col-100 elementor-top-column elementor-element elementor-element-7ae31b7\" data-id=\"7ae31b7\" data-element_type=\"column\">\n\t\t\t<div class=\"elementor-column-wrap elementor-element-populated\">\n\t\t\t\t\t\t\t<div class=\"elementor-widget-wrap\">\n\t\t\t\t\t\t<div class=\"elementor-element elementor-element-9db9361 elementor-widget elementor-widget-image\" data-id=\"9db9361\" data-element_type=\"widget\" data-widget_type=\"image.default\">\n\t\t\t\t<div class=\"elementor-widget-container\">\n\t\t\t\t\t\t\t\t<div class=\"elementor-image\">\n\t\t\t\t\t\t\t\t\t\t\t\t<img width=\"733\" height=\"789\" src=\"https:\/\/apartmanyjama.sk\/wp-content\/uploads\/2020\/11\/Zlavy1.jpg\" class=\"attachment-large size-large wp-image-1579\" alt=\"\" loading=\"lazy\" srcset=\"https:\/\/apartmanyjama.sk\/wp-content\/uploads\/2020\/11\/Zlavy1.jpg 733w, https:\/\/apartmanyjama.sk\/wp-content\/uploads\/2020\/11\/Zlavy1-279x300.jpg 279w\" sizes=\"(max-width: 733px) 100vw, 733px\" \/>\t\t\t\t\t\t\t\t\t\t\t\t\t\t<\/div>\n\t\t\t\t\t\t<\/div>\n\t\t\t\t<\/div>\n\t\t\t\t\t\t<\/div>\n\t\t\t\t\t<\/div>\n\t\t<\/div>\n\t\t\t\t\t\t\t\t<\/div>\n\t\t\t\t\t<\/div>\n\t\t<\/section>\n\t\t\t\t<section class=\"elementor-section elementor-top-section elementor-element elementor-element-d591241 elementor-section-boxed elementor-section-height-default elementor-section-height-default\" data-id=\"d591241\" data-element_type=\"section\">\n\t\t\t\t\t\t<div class=\"elementor-container elementor-column-gap-default\">\n\t\t\t\t\t\t\t<div class=\"elementor-row\">\n\t\t\t\t\t<div class=\"elementor-column elementor-col-100 elementor-top-column elementor-element elementor-element-2e517d4\" data-id=\"2e517d4\" data-element_type=\"column\">\n\t\t\t<div class=\"elementor-column-wrap elementor-element-populated\">\n\t\t\t\t\t\t\t<div class=\"elementor-widget-wrap\">\n\t\t\t\t\t\t<div class=\"elementor-element elementor-element-f3db2c1 elementor-widget elementor-widget-image\" data-id=\"f3db2c1\" data-element_type=\"widget\" data-widget_type=\"image.default\">\n\t\t\t\t<div class=\"elementor-widget-container\">\n\t\t\t\t\t\t\t\t<div class=\"elementor-image\">\n\t\t\t\t\t\t\t\t\t\t\t\t<img width=\"648\" height=\"697\" src=\"https:\/\/apartmanyjama.sk\/wp-content\/uploads\/2020\/11\/Zlavy2.jpg\" class=\"attachment-large size-large wp-image-1580\" alt=\"\" loading=\"lazy\" srcset=\"https:\/\/apartmanyjama.sk\/wp-content\/uploads\/2020\/11\/Zlavy2.jpg 648w, https:\/\/apartmanyjama.sk\/wp-content\/uploads\/2020\/11\/Zlavy2-279x300.jpg 279w\" sizes=\"(max-width: 648px) 100vw, 648px\" \/>\t\t\t\t\t\t\t\t\t\t\t\t\t\t<\/div>\n\t\t\t\t\t\t<\/div>\n\t\t\t\t<\/div>\n\t\t\t\t\t\t<\/div>\n\t\t\t\t\t<\/div>\n\t\t<\/div>\n\t\t\t\t\t\t\t\t<\/div>\n\t\t\t\t\t<\/div>\n\t\t<\/section>\n\t\t\t\t<section class=\"elementor-section elementor-top-section elementor-element elementor-element-2a7d157 elementor-section-boxed elementor-section-height-default elementor-section-height-default\" data-id=\"2a7d157\" data-element_type=\"section\">\n\t\t\t\t\t\t<div class=\"elementor-container elementor-column-gap-default\">\n\t\t\t\t\t\t\t<div class=\"elementor-row\">\n\t\t\t\t\t<div class=\"elementor-column elementor-col-100 elementor-top-column elementor-element elementor-element-c759423\" data-id=\"c759423\" data-element_type=\"column\">\n\t\t\t<div class=\"elementor-column-wrap elementor-element-populated\">\n\t\t\t\t\t\t\t<div class=\"elementor-widget-wrap\">\n\t\t\t\t\t\t<div class=\"elementor-element elementor-element-889682c elementor-widget elementor-widget-image\" data-id=\"889682c\" data-element_type=\"widget\" data-widget_type=\"image.default\">\n\t\t\t\t<div class=\"elementor-widget-container\">\n\t\t\t\t\t\t\t\t<div class=\"elementor-image\">\n\t\t\t\t\t\t\t\t\t\t\t\t<img width=\"602\" height=\"903\" src=\"https:\/\/apartmanyjama.sk\/wp-content\/uploads\/2020\/11\/Zlavy3.jpg\" class=\"attachment-large size-large wp-image-1581\" alt=\"\" loading=\"lazy\" srcset=\"https:\/\/apartmanyjama.sk\/wp-content\/uploads\/2020\/11\/Zlavy3.jpg 602w, https:\/\/apartmanyjama.sk\/wp-content\/uploads\/2020\/11\/Zlavy3-200x300.jpg 200w\" sizes=\"(max-width: 602px) 100vw, 602px\" \/>\t\t\t\t\t\t\t\t\t\t\t\t\t\t<\/div>\n\t\t\t\t\t\t<\/div>\n\t\t\t\t<\/div>\n\t\t\t\t\t\t<\/div>\n\t\t\t\t\t<\/div>\n\t\t<\/div>\n\t\t\t\t\t\t\t\t<\/div>\n\t\t\t\t\t<\/div>\n\t\t<\/section>\n\t\t\t\t\t\t\t\t\t<\/div>\n\t\t\t<\/div>\n\t\t\t\t\t<\/div>\n\t\t","protected":false},"excerpt":{"rendered":"<p>Z\u013eavy ZCR Pav\u010dina Lehota Z\u013eavov\u00e1 karti\u010dka_ZCR<\/p>\n","protected":false},"author":2,"featured_media":0,"parent":0,"menu_order":0,"comment_status":"closed","ping_status":"closed","template":"","meta":{"_monsterinsights_skip_tracking":false,"_monsterinsights_sitenote_active":false,"_monsterinsights_sitenote_note":"","_monsterinsights_sitenote_category":0},"yoast_head":"<!-- This site is optimized with the Yoast SEO plugin v18.4.1 - https:\/\/yoast.com\/wordpress\/plugins\/seo\/ -->\n<title>Z\u013eavov\u00e9 kup\u00f3ny -<\/title>\n<meta name=\"robots\" content=\"index, follow, max-snippet:-1, max-image-preview:large, max-video-preview:-1\" \/>\n<link rel=\"canonical\" href=\"https:\/\/apartmanyjama.sk\/?page_id=1557\" \/>\n<meta property=\"og:locale\" content=\"sk_SK\" \/>\n<meta property=\"og:type\" content=\"article\" \/>\n<meta property=\"og:title\" content=\"Z\u013eavov\u00e9 kup\u00f3ny -\" \/>\n<meta property=\"og:description\" content=\"Z\u013eavy ZCR Pav\u010dina Lehota Z\u013eavov\u00e1 karti\u010dka_ZCR\" \/>\n<meta property=\"og:url\" content=\"https:\/\/apartmanyjama.sk\/?page_id=1557\" \/>\n<meta property=\"article:modified_time\" content=\"2020-11-25T06:55:27+00:00\" \/>\n<meta property=\"og:image\" content=\"http:\/\/apartmanyjama.sk\/wp-content\/uploads\/2020\/11\/Zlavy.jpg\" \/>\n<meta name=\"twitter:card\" content=\"summary_large_image\" \/>\n<script type=\"application\/ld+json\" class=\"yoast-schema-graph\">{\"@context\":\"https:\/\/schema.org\",\"@graph\":[{\"@type\":\"WebSite\",\"@id\":\"https:\/\/apartmanyjama.sk\/#website\",\"url\":\"https:\/\/apartmanyjama.sk\/\",\"name\":\"\",\"description\":\"\",\"potentialAction\":[{\"@type\":\"SearchAction\",\"target\":{\"@type\":\"EntryPoint\",\"urlTemplate\":\"https:\/\/apartmanyjama.sk\/?s={search_term_string}\"},\"query-input\":\"required name=search_term_string\"}],\"inLanguage\":\"sk-SK\"},{\"@type\":\"ImageObject\",\"@id\":\"https:\/\/apartmanyjama.sk\/?page_id=1557#primaryimage\",\"inLanguage\":\"sk-SK\",\"url\":\"https:\/\/apartmanyjama.sk\/wp-content\/uploads\/2020\/11\/Zlavy.jpg\",\"contentUrl\":\"https:\/\/apartmanyjama.sk\/wp-content\/uploads\/2020\/11\/Zlavy.jpg\",\"width\":729,\"height\":176},{\"@type\":\"WebPage\",\"@id\":\"https:\/\/apartmanyjama.sk\/?page_id=1557#webpage\",\"url\":\"https:\/\/apartmanyjama.sk\/?page_id=1557\",\"name\":\"Z\u013eavov\u00e9 kup\u00f3ny -\",\"isPartOf\":{\"@id\":\"https:\/\/apartmanyjama.sk\/#website\"},\"primaryImageOfPage\":{\"@id\":\"https:\/\/apartmanyjama.sk\/?page_id=1557#primaryimage\"},\"datePublished\":\"2020-11-25T06:28:40+00:00\",\"dateModified\":\"2020-11-25T06:55:27+00:00\",\"breadcrumb\":{\"@id\":\"https:\/\/apartmanyjama.sk\/?page_id=1557#breadcrumb\"},\"inLanguage\":\"sk-SK\",\"potentialAction\":[{\"@type\":\"ReadAction\",\"target\":[\"https:\/\/apartmanyjama.sk\/?page_id=1557\"]}]},{\"@type\":\"BreadcrumbList\",\"@id\":\"https:\/\/apartmanyjama.sk\/?page_id=1557#breadcrumb\",\"itemListElement\":[{\"@type\":\"ListItem\",\"position\":1,\"name\":\"Home\",\"item\":\"http:\/\/apartmanyjama.sk\/\"},{\"@type\":\"ListItem\",\"position\":2,\"name\":\"Z\u013eavov\u00e9 kup\u00f3ny\"}]}]}<\/script>\n<!-- \/ Yoast SEO plugin. -->","yoast_head_json":{"title":"Z\u013eavov\u00e9 kup\u00f3ny -","robots":{"index":"index","follow":"follow","max-snippet":"max-snippet:-1","max-image-preview":"max-image-preview:large","max-video-preview":"max-video-preview:-1"},"canonical":"https:\/\/apartmanyjama.sk\/?page_id=1557","og_locale":"sk_SK","og_type":"article","og_title":"Z\u013eavov\u00e9 kup\u00f3ny -","og_description":"Z\u013eavy ZCR Pav\u010dina Lehota Z\u013eavov\u00e1 karti\u010dka_ZCR","og_url":"https:\/\/apartmanyjama.sk\/?page_id=1557","article_modified_time":"2020-11-25T06:55:27+00:00","og_image":[{"url":"http:\/\/apartmanyjama.sk\/wp-content\/uploads\/2020\/11\/Zlavy.jpg"}],"twitter_card":"summary_large_image","schema":{"@context":"https:\/\/schema.org","@graph":[{"@type":"WebSite","@id":"https:\/\/apartmanyjama.sk\/#website","url":"https:\/\/apartmanyjama.sk\/","name":"","description":"","potentialAction":[{"@type":"SearchAction","target":{"@type":"EntryPoint","urlTemplate":"https:\/\/apartmanyjama.sk\/?s={search_term_string}"},"query-input":"required name=search_term_string"}],"inLanguage":"sk-SK"},{"@type":"ImageObject","@id":"https:\/\/apartmanyjama.sk\/?page_id=1557#primaryimage","inLanguage":"sk-SK","url":"https:\/\/apartmanyjama.sk\/wp-content\/uploads\/2020\/11\/Zlavy.jpg","contentUrl":"https:\/\/apartmanyjama.sk\/wp-content\/uploads\/2020\/11\/Zlavy.jpg","width":729,"height":176},{"@type":"WebPage","@id":"https:\/\/apartmanyjama.sk\/?page_id=1557#webpage","url":"https:\/\/apartmanyjama.sk\/?page_id=1557","name":"Z\u013eavov\u00e9 kup\u00f3ny -","isPartOf":{"@id":"https:\/\/apartmanyjama.sk\/#website"},"primaryImageOfPage":{"@id":"https:\/\/apartmanyjama.sk\/?page_id=1557#primaryimage"},"datePublished":"2020-11-25T06:28:40+00:00","dateModified":"2020-11-25T06:55:27+00:00","breadcrumb":{"@id":"https:\/\/apartmanyjama.sk\/?page_id=1557#breadcrumb"},"inLanguage":"sk-SK","potentialAction":[{"@type":"ReadAction","target":["https:\/\/apartmanyjama.sk\/?page_id=1557"]}]},{"@type":"BreadcrumbList","@id":"https:\/\/apartmanyjama.sk\/?page_id=1557#breadcrumb","itemListElement":[{"@type":"ListItem","position":1,"name":"Home","item":"http:\/\/apartmanyjama.sk\/"},{"@type":"ListItem","position":2,"name":"Z\u013eavov\u00e9 kup\u00f3ny"}]}]}},"_links":{"self":[{"href":"https:\/\/apartmanyjama.sk\/index.php?rest_route=\/wp\/v2\/pages\/1557"}],"collection":[{"href":"https:\/\/apartmanyjama.sk\/index.php?rest_route=\/wp\/v2\/pages"}],"about":[{"href":"https:\/\/apartmanyjama.sk\/index.php?rest_route=\/wp\/v2\/types\/page"}],"author":[{"embeddable":true,"href":"https:\/\/apartmanyjama.sk\/index.php?rest_route=\/wp\/v2\/users\/2"}],"replies":[{"embeddable":true,"href":"https:\/\/apartmanyjama.sk\/index.php?rest_route=%2Fwp%2Fv2%2Fcomments&post=1557"}],"version-history":[{"count":6,"href":"https:\/\/apartmanyjama.sk\/index.php?rest_route=\/wp\/v2\/pages\/1557\/revisions"}],"predecessor-version":[{"id":1590,"href":"https:\/\/apartmanyjama.sk\/index.php?rest_route=\/wp\/v2\/pages\/1557\/revisions\/1590"}],"wp:attachment":[{"href":"https:\/\/apartmanyjama.sk\/index.php?rest_route=%2Fwp%2Fv2%2Fmedia&parent=1557"}],"curies":[{"name":"wp","href":"https:\/\/api.w.org\/{rel}","templated":true}]}}