{"id":103,"date":"2020-05-24T16:32:47","date_gmt":"2020-05-24T14:32:47","guid":{"rendered":"http:\/\/apartmanyjama.sk\/?page_id=103"},"modified":"2025-04-14T08:36:59","modified_gmt":"2025-04-14T06:36:59","slug":"kontakt","status":"publish","type":"page","link":"https:\/\/apartmanyjama.sk\/?page_id=103","title":{"rendered":"Kontakt"},"content":{"rendered":"\t\t<div data-elementor-type=\"wp-page\" data-elementor-id=\"103\" class=\"elementor elementor-103\">\n\t\t\t\t\t\t<div class=\"elementor-inner\">\n\t\t\t\t<div class=\"elementor-section-wrap\">\n\t\t\t\t\t\t\t\t\t<section class=\"elementor-section elementor-top-section elementor-element elementor-element-f4216f8 elementor-section-boxed elementor-section-height-default elementor-section-height-default\" data-id=\"f4216f8\" data-element_type=\"section\">\n\t\t\t\t\t\t<div class=\"elementor-container elementor-column-gap-default\">\n\t\t\t\t\t\t\t<div class=\"elementor-row\">\n\t\t\t\t\t<div class=\"elementor-column elementor-col-50 elementor-top-column elementor-element elementor-element-d025d17\" data-id=\"d025d17\" data-element_type=\"column\">\n\t\t\t<div class=\"elementor-column-wrap elementor-element-populated\">\n\t\t\t\t\t\t\t<div class=\"elementor-widget-wrap\">\n\t\t\t\t\t\t<div class=\"elementor-element elementor-element-f2763cb elementor-widget elementor-widget-html\" data-id=\"f2763cb\" data-element_type=\"widget\" data-widget_type=\"html.default\">\n\t\t\t\t<div class=\"elementor-widget-container\">\n\t\t\t<iframe src=\"https:\/\/www.google.com\/maps\/embed?pb=!1m18!1m12!1m3!1d83678.15641776564!2d19.574517!3d49.04971900000001!2m3!1f0!2f0!3f0!3m2!1i1024!2i768!4f13.1!3m3!1m2!1s0x0%3A0x50bd5ce8880c1b04!2sApartm%C3%A1ny%20Jama!5e0!3m2!1sen!2sus!4v1590565255982!5m2!1sen!2sus\" width=\"600\" height=\"450\" frameborder=\"0\" style=\"border:0;\" allowfullscreen=\"\" aria-hidden=\"false\" tabindex=\"0\"><\/iframe>\t\t<\/div>\n\t\t\t\t<\/div>\n\t\t\t\t\t\t<\/div>\n\t\t\t\t\t<\/div>\n\t\t<\/div>\n\t\t\t\t<div class=\"elementor-column elementor-col-50 elementor-top-column elementor-element elementor-element-b465ff2\" data-id=\"b465ff2\" data-element_type=\"column\">\n\t\t\t<div class=\"elementor-column-wrap elementor-element-populated\">\n\t\t\t\t\t\t\t<div class=\"elementor-widget-wrap\">\n\t\t\t\t\t\t<div class=\"elementor-element elementor-element-b5fadab elementor-widget elementor-widget-heading\" data-id=\"b5fadab\" data-element_type=\"widget\" data-widget_type=\"heading.default\">\n\t\t\t\t<div class=\"elementor-widget-container\">\n\t\t\t<h2 class=\"elementor-heading-title elementor-size-default\">Kontaktujte n\u00e1s<\/h2>\t\t<\/div>\n\t\t\t\t<\/div>\n\t\t\t\t<div class=\"elementor-element elementor-element-32ec7ab elementor-position-left elementor-vertical-align-middle elementor-widget__width-inherit elementor-widget elementor-widget-image-box\" data-id=\"32ec7ab\" data-element_type=\"widget\" data-widget_type=\"image-box.default\">\n\t\t\t\t<div class=\"elementor-widget-container\">\n\t\t\t<div class=\"elementor-image-box-wrapper\"><figure class=\"elementor-image-box-img\"><img width=\"56\" height=\"50\" src=\"https:\/\/apartmanyjama.sk\/wp-content\/uploads\/2020\/05\/Icon_telephone1.jpg\" class=\"attachment-2048x2048 size-2048x2048 wp-image-122\" alt=\"\" loading=\"lazy\" \/><\/figure><div class=\"elementor-image-box-content\"><h4 class=\"elementor-image-box-title\">Telef\u00f3n:<\/h4><p class=\"elementor-image-box-description\">+421 904 592 116<\/p><\/div><\/div>\t\t<\/div>\n\t\t\t\t<\/div>\n\t\t\t\t<div class=\"elementor-element elementor-element-a02586e elementor-position-left elementor-vertical-align-bottom elementor-widget__width-inherit elementor-widget elementor-widget-image-box\" data-id=\"a02586e\" data-element_type=\"widget\" data-widget_type=\"image-box.default\">\n\t\t\t\t<div class=\"elementor-widget-container\">\n\t\t\t<div class=\"elementor-image-box-wrapper\"><figure class=\"elementor-image-box-img\"><img width=\"49\" height=\"53\" src=\"https:\/\/apartmanyjama.sk\/wp-content\/uploads\/2020\/05\/Icon_adress.jpg\" class=\"attachment-2048x2048 size-2048x2048 wp-image-111\" alt=\"\" loading=\"lazy\" \/><\/figure><div class=\"elementor-image-box-content\"><h4 class=\"elementor-image-box-title\">Adresa: <\/h4><p class=\"elementor-image-box-description\">Pav\u010din\u00e1 Lehota 3<br>031 01, Liptovsk\u00fd Mikul\u00e1\u0161<\/p><\/div><\/div>\t\t<\/div>\n\t\t\t\t<\/div>\n\t\t\t\t<div class=\"elementor-element elementor-element-672bcf1 elementor-position-left elementor-vertical-align-bottom elementor-widget__width-inherit elementor-widget elementor-widget-image-box\" data-id=\"672bcf1\" data-element_type=\"widget\" data-widget_type=\"image-box.default\">\n\t\t\t\t<div class=\"elementor-widget-container\">\n\t\t\t<div class=\"elementor-image-box-wrapper\"><figure class=\"elementor-image-box-img\"><img width=\"51\" height=\"63\" src=\"https:\/\/apartmanyjama.sk\/wp-content\/uploads\/2020\/05\/Icon_mail.jpg\" class=\"attachment-2048x2048 size-2048x2048 wp-image-112\" alt=\"\" loading=\"lazy\" \/><\/figure><div class=\"elementor-image-box-content\"><h4 class=\"elementor-image-box-title\">e-mail:<\/h4><p class=\"elementor-image-box-description\">info@apartmanyjama.sk<\/p><\/div><\/div>\t\t<\/div>\n\t\t\t\t<\/div>\n\t\t\t\t<div class=\"elementor-element elementor-element-042b512 elementor-widget elementor-widget-spacer\" data-id=\"042b512\" data-element_type=\"widget\" data-widget_type=\"spacer.default\">\n\t\t\t\t<div class=\"elementor-widget-container\">\n\t\t\t\t\t<div class=\"elementor-spacer\">\n\t\t\t<div class=\"elementor-spacer-inner\"><\/div>\n\t\t<\/div>\n\t\t\t\t<\/div>\n\t\t\t\t<\/div>\n\t\t\t\t<div class=\"elementor-element elementor-element-5cf7936 elementor-button-danger elementor-align-center elementor-widget elementor-widget-button\" data-id=\"5cf7936\" data-element_type=\"widget\" data-widget_type=\"button.default\">\n\t\t\t\t<div class=\"elementor-widget-container\">\n\t\t\t\t\t<div class=\"elementor-button-wrapper\">\n\t\t\t<a href=\"http:\/\/www.booking.com\/Share-0ZnITR\" target=\"_blank\" class=\"elementor-button-link elementor-button elementor-size-xl elementor-animation-pulse-shrink\" role=\"button\">\n\t\t\t\t\t\t<span class=\"elementor-button-content-wrapper\">\n\t\t\t\t\t\t<span class=\"elementor-button-text\">Rezerv\u00e1cia<\/span>\n\t\t<\/span>\n\t\t\t\t\t<\/a>\n\t\t<\/div>\n\t\t\t\t<\/div>\n\t\t\t\t<\/div>\n\t\t\t\t\t\t<\/div>\n\t\t\t\t\t<\/div>\n\t\t<\/div>\n\t\t\t\t\t\t\t\t<\/div>\n\t\t\t\t\t<\/div>\n\t\t<\/section>\n\t\t\t\t\t\t\t\t\t<\/div>\n\t\t\t<\/div>\n\t\t\t\t\t<\/div>\n\t\t","protected":false},"excerpt":{"rendered":"<p>Kontaktujte n\u00e1s Telef\u00f3n: +421 904 592 116 Adresa: Pav\u010din\u00e1 Lehota 3031 01, Liptovsk\u00fd Mikul\u00e1\u0161 e-mail: info@apartmanyjama.sk Rezerv\u00e1cia<\/p>\n","protected":false},"author":2,"featured_media":0,"parent":0,"menu_order":0,"comment_status":"closed","ping_status":"closed","template":"elementor_header_footer","meta":{"_monsterinsights_skip_tracking":false,"_monsterinsights_sitenote_active":false,"_monsterinsights_sitenote_note":"","_monsterinsights_sitenote_category":0},"yoast_head":"<!-- This site is optimized with the Yoast SEO plugin v18.4.1 - https:\/\/yoast.com\/wordpress\/plugins\/seo\/ -->\n<title>Kontakt -<\/title>\n<meta name=\"robots\" content=\"index, follow, max-snippet:-1, max-image-preview:large, max-video-preview:-1\" \/>\n<link rel=\"canonical\" href=\"http:\/\/apartmanyjama.sk\/?page_id=103\" \/>\n<meta property=\"og:locale\" content=\"sk_SK\" \/>\n<meta property=\"og:type\" content=\"article\" \/>\n<meta property=\"og:title\" content=\"Kontakt -\" \/>\n<meta property=\"og:description\" content=\"Kontaktujte n\u00e1s Telef\u00f3n: +421 904 592 116 Adresa: Pav\u010din\u00e1 Lehota 3031 01, Liptovsk\u00fd Mikul\u00e1\u0161 e-mail: info@apartmanyjama.sk Rezerv\u00e1cia\" \/>\n<meta property=\"og:url\" content=\"http:\/\/apartmanyjama.sk\/?page_id=103\" \/>\n<meta property=\"article:modified_time\" content=\"2025-04-14T06:36:59+00:00\" \/>\n<meta property=\"og:image\" content=\"http:\/\/apartmanyjama.sk\/wp-content\/uploads\/2020\/05\/Icon_telephone1.jpg\" \/>\n<meta name=\"twitter:card\" content=\"summary_large_image\" \/>\n<meta name=\"twitter:label1\" content=\"Predpokladan\u00fd \u010das \u010d\u00edtania\" \/>\n\t<meta name=\"twitter:data1\" content=\"1 min\u00fata\" \/>\n<script type=\"application\/ld+json\" class=\"yoast-schema-graph\">{\"@context\":\"https:\/\/schema.org\",\"@graph\":[{\"@type\":\"WebSite\",\"@id\":\"https:\/\/apartmanyjama.sk\/#website\",\"url\":\"https:\/\/apartmanyjama.sk\/\",\"name\":\"\",\"description\":\"\",\"potentialAction\":[{\"@type\":\"SearchAction\",\"target\":{\"@type\":\"EntryPoint\",\"urlTemplate\":\"https:\/\/apartmanyjama.sk\/?s={search_term_string}\"},\"query-input\":\"required name=search_term_string\"}],\"inLanguage\":\"sk-SK\"},{\"@type\":\"ImageObject\",\"@id\":\"http:\/\/apartmanyjama.sk\/?page_id=103#primaryimage\",\"inLanguage\":\"sk-SK\",\"url\":\"https:\/\/apartmanyjama.sk\/wp-content\/uploads\/2020\/05\/Icon_telephone1.jpg\",\"contentUrl\":\"https:\/\/apartmanyjama.sk\/wp-content\/uploads\/2020\/05\/Icon_telephone1.jpg\",\"width\":56,\"height\":50},{\"@type\":\"WebPage\",\"@id\":\"http:\/\/apartmanyjama.sk\/?page_id=103#webpage\",\"url\":\"http:\/\/apartmanyjama.sk\/?page_id=103\",\"name\":\"Kontakt -\",\"isPartOf\":{\"@id\":\"https:\/\/apartmanyjama.sk\/#website\"},\"primaryImageOfPage\":{\"@id\":\"http:\/\/apartmanyjama.sk\/?page_id=103#primaryimage\"},\"datePublished\":\"2020-05-24T14:32:47+00:00\",\"dateModified\":\"2025-04-14T06:36:59+00:00\",\"breadcrumb\":{\"@id\":\"http:\/\/apartmanyjama.sk\/?page_id=103#breadcrumb\"},\"inLanguage\":\"sk-SK\",\"potentialAction\":[{\"@type\":\"ReadAction\",\"target\":[\"http:\/\/apartmanyjama.sk\/?page_id=103\"]}]},{\"@type\":\"BreadcrumbList\",\"@id\":\"http:\/\/apartmanyjama.sk\/?page_id=103#breadcrumb\",\"itemListElement\":[{\"@type\":\"ListItem\",\"position\":1,\"name\":\"Home\",\"item\":\"http:\/\/apartmanyjama.sk\/\"},{\"@type\":\"ListItem\",\"position\":2,\"name\":\"Kontakt\"}]}]}<\/script>\n<!-- \/ Yoast SEO plugin. -->","yoast_head_json":{"title":"Kontakt -","robots":{"index":"index","follow":"follow","max-snippet":"max-snippet:-1","max-image-preview":"max-image-preview:large","max-video-preview":"max-video-preview:-1"},"canonical":"http:\/\/apartmanyjama.sk\/?page_id=103","og_locale":"sk_SK","og_type":"article","og_title":"Kontakt -","og_description":"Kontaktujte n\u00e1s Telef\u00f3n: +421 904 592 116 Adresa: Pav\u010din\u00e1 Lehota 3031 01, Liptovsk\u00fd Mikul\u00e1\u0161 e-mail: info@apartmanyjama.sk Rezerv\u00e1cia","og_url":"http:\/\/apartmanyjama.sk\/?page_id=103","article_modified_time":"2025-04-14T06:36:59+00:00","og_image":[{"url":"http:\/\/apartmanyjama.sk\/wp-content\/uploads\/2020\/05\/Icon_telephone1.jpg"}],"twitter_card":"summary_large_image","twitter_misc":{"Predpokladan\u00fd \u010das \u010d\u00edtania":"1 min\u00fata"},"schema":{"@context":"https:\/\/schema.org","@graph":[{"@type":"WebSite","@id":"https:\/\/apartmanyjama.sk\/#website","url":"https:\/\/apartmanyjama.sk\/","name":"","description":"","potentialAction":[{"@type":"SearchAction","target":{"@type":"EntryPoint","urlTemplate":"https:\/\/apartmanyjama.sk\/?s={search_term_string}"},"query-input":"required name=search_term_string"}],"inLanguage":"sk-SK"},{"@type":"ImageObject","@id":"http:\/\/apartmanyjama.sk\/?page_id=103#primaryimage","inLanguage":"sk-SK","url":"https:\/\/apartmanyjama.sk\/wp-content\/uploads\/2020\/05\/Icon_telephone1.jpg","contentUrl":"https:\/\/apartmanyjama.sk\/wp-content\/uploads\/2020\/05\/Icon_telephone1.jpg","width":56,"height":50},{"@type":"WebPage","@id":"http:\/\/apartmanyjama.sk\/?page_id=103#webpage","url":"http:\/\/apartmanyjama.sk\/?page_id=103","name":"Kontakt -","isPartOf":{"@id":"https:\/\/apartmanyjama.sk\/#website"},"primaryImageOfPage":{"@id":"http:\/\/apartmanyjama.sk\/?page_id=103#primaryimage"},"datePublished":"2020-05-24T14:32:47+00:00","dateModified":"2025-04-14T06:36:59+00:00","breadcrumb":{"@id":"http:\/\/apartmanyjama.sk\/?page_id=103#breadcrumb"},"inLanguage":"sk-SK","potentialAction":[{"@type":"ReadAction","target":["http:\/\/apartmanyjama.sk\/?page_id=103"]}]},{"@type":"BreadcrumbList","@id":"http:\/\/apartmanyjama.sk\/?page_id=103#breadcrumb","itemListElement":[{"@type":"ListItem","position":1,"name":"Home","item":"http:\/\/apartmanyjama.sk\/"},{"@type":"ListItem","position":2,"name":"Kontakt"}]}]}},"_links":{"self":[{"href":"https:\/\/apartmanyjama.sk\/index.php?rest_route=\/wp\/v2\/pages\/103"}],"collection":[{"href":"https:\/\/apartmanyjama.sk\/index.php?rest_route=\/wp\/v2\/pages"}],"about":[{"href":"https:\/\/apartmanyjama.sk\/index.php?rest_route=\/wp\/v2\/types\/page"}],"author":[{"embeddable":true,"href":"https:\/\/apartmanyjama.sk\/index.php?rest_route=\/wp\/v2\/users\/2"}],"replies":[{"embeddable":true,"href":"https:\/\/apartmanyjama.sk\/index.php?rest_route=%2Fwp%2Fv2%2Fcomments&post=103"}],"version-history":[{"count":6,"href":"https:\/\/apartmanyjama.sk\/index.php?rest_route=\/wp\/v2\/pages\/103\/revisions"}],"predecessor-version":[{"id":1781,"href":"https:\/\/apartmanyjama.sk\/index.php?rest_route=\/wp\/v2\/pages\/103\/revisions\/1781"}],"wp:attachment":[{"href":"https:\/\/apartmanyjama.sk\/index.php?rest_route=%2Fwp%2Fv2%2Fmedia&parent=103"}],"curies":[{"name":"wp","href":"https:\/\/api.w.org\/{rel}","templated":true}]}}